{"id":10,"date":"2018-02-06T22:33:28","date_gmt":"2018-02-06T21:33:28","guid":{"rendered":"http:\/\/antoine-ciosi.com\/?page_id=10"},"modified":"2023-03-01T17:08:17","modified_gmt":"2023-03-01T16:08:17","slug":"news","status":"publish","type":"page","link":"https:\/\/antoine-ciosi.com\/index.php\/news\/","title":{"rendered":"News"},"content":{"rendered":"\n<p>CONCERT EVENEMENT CORSU MEZU MEZU !<\/p>\n\n\n\n<p>VENEZ NOMBREUX CET AUTOMNE \u00c0 LA DEFENSE ARENA <\/p>\n\n\n\n<p><a href=\"https:\/\/www.fnacspectacles.com\/artist\/corsumezumezu\/\">https:\/\/www.fnacspectacles.com\/artist\/corsumezumezu\/<\/a><\/p>\n\n\n\n<h2 class=\"wp-block-heading\">L&rsquo;album <a href=\"https:\/\/www.facebook.com\/Corsu-Mezu-Mezu-101299715838281\/?__cft__[0]=AZVWTHTZoEyOFO0lF578PH3fYOjBlHYpArwXSXvsjPSVkjlnGbwOksOif3ZqKY2sFulEGNq_6j3aZljjAodETThj4z5QJpkR4J3rrLd14tmyw5wOSV-Msx1bKRs_p_t-vO2YElLZJqqTfcugXpZ2xM45BKUDUMbr1rCV_eetWGnx_cmgpZtkpSHGE95va0ON7UW3Je-26oWd3zdWtgAAJjij&amp;__tn__=kK-R\">Corsu Mezu Mezu<\/a> 2 est sorti !<\/h2>\n\n\n\n<p>Un beau cadeau pour la Corse ! Merci \u00e0 <a href=\"https:\/\/www.facebook.com\/Patrick-Fiori-113209542024802\/?__cft__[0]=AZVWTHTZoEyOFO0lF578PH3fYOjBlHYpArwXSXvsjPSVkjlnGbwOksOif3ZqKY2sFulEGNq_6j3aZljjAodETThj4z5QJpkR4J3rrLd14tmyw5wOSV-Msx1bKRs_p_t-vO2YElLZJqqTfcugXpZ2xM45BKUDUMbr1rCV_eetWGnx_cmgpZtkpSHGE95va0ON7UW3Je-26oWd3zdWtgAAJjij&amp;__tn__=kK-R\">Patrick Fiori<\/a> et \u00e0 tous les participants ! On peut m&rsquo;entendre interpr\u00e9ter ma chanson \u00ab\u00a0Le Dernier des Bandits\u00a0\u00bb (paroles du regrett\u00e9 Francis L\u00e9andri, musique de mon ami Philippe Marfisi) en duo avec <a href=\"https:\/\/www.facebook.com\/juliendoreofficiel?__cft__[0]=AZVWTHTZoEyOFO0lF578PH3fYOjBlHYpArwXSXvsjPSVkjlnGbwOksOif3ZqKY2sFulEGNq_6j3aZljjAodETThj4z5QJpkR4J3rrLd14tmyw5wOSV-Msx1bKRs_p_t-vO2YElLZJqqTfcugXpZ2xM45BKUDUMbr1rCV_eetWGnx_cmgpZtkpSHGE95va0ON7UW3Je-26oWd3zdWtgAAJjij&amp;__tn__=-]K-R\">Julien Dor\u00e9<\/a>.<\/p>\n\n\n\n<p>Partager ce chant avec cet artiste de grand talent a \u00e9t\u00e9 un r\u00e9el bonheur pour moi. Julien Dor\u00e9 a su donner une v\u00e9rit\u00e9 et une pr\u00e9sence \u00e0 ce personnage du bandit corse, gr\u00e2ce \u00e0 sa voix aux intonations si personnelles.<\/p>\n\n\n\n<figure class=\"wp-block-embed is-type-video is-provider-youtube wp-block-embed-youtube wp-embed-aspect-4-3 wp-has-aspect-ratio\"><div class=\"wp-block-embed__wrapper\">\n<iframe loading=\"lazy\" title=\"Le dernier des bandits\" width=\"525\" height=\"394\" src=\"https:\/\/www.youtube.com\/embed\/TLM3qwYZJuw?feature=oembed\" frameborder=\"0\" allow=\"accelerometer; autoplay; clipboard-write; encrypted-media; gyroscope; picture-in-picture; web-share\" referrerpolicy=\"strict-origin-when-cross-origin\" allowfullscreen><\/iframe>\n<\/div><\/figure>\n\n\n\n<h2 class=\"wp-block-heading\">REGARDEZ LE CLIP de la chanson CORSU <\/h2>\n\n\n\n<p><a href=\"https:\/\/antoine-ciosi.com\/index.php\/produit\/duetti\/\">Extrait de l&rsquo;album Duetti<\/a><\/p>\n\n\n\n<p><\/p>\n\n\n\n<figure class=\"wp-block-embed is-type-video is-provider-youtube wp-block-embed-youtube wp-embed-aspect-16-9 wp-has-aspect-ratio\"><div class=\"wp-block-embed__wrapper\">\n<iframe loading=\"lazy\" title=\"ANTOINE CIOSI CORSU\" width=\"525\" height=\"295\" src=\"https:\/\/www.youtube.com\/embed\/21LfVyQr4T0?feature=oembed\" frameborder=\"0\" allow=\"accelerometer; autoplay; clipboard-write; encrypted-media; gyroscope; picture-in-picture; web-share\" referrerpolicy=\"strict-origin-when-cross-origin\" allowfullscreen><\/iframe>\n<\/div><\/figure>\n","protected":false},"excerpt":{"rendered":"<p>CONCERT EVENEMENT CORSU MEZU MEZU ! VENEZ NOMBREUX CET AUTOMNE \u00c0 LA DEFENSE ARENA https:\/\/www.fnacspectacles.com\/artist\/corsumezumezu\/ L&rsquo;album Corsu Mezu Mezu 2 est sorti ! Un beau cadeau pour la Corse ! Merci \u00e0 Patrick Fiori et \u00e0 tous les participants ! On peut m&rsquo;entendre interpr\u00e9ter ma chanson \u00ab\u00a0Le Dernier des Bandits\u00a0\u00bb (paroles du regrett\u00e9 Francis L\u00e9andri, &hellip; <\/p>\n<p class=\"link-more\"><a href=\"https:\/\/antoine-ciosi.com\/index.php\/news\/\" class=\"more-link\">Continuer la lecture<span class=\"screen-reader-text\"> de &laquo;&nbsp;News&nbsp;&raquo;<\/span><\/a><\/p>\n","protected":false},"author":2,"featured_media":72,"parent":0,"menu_order":7,"comment_status":"closed","ping_status":"closed","template":"","meta":{"jetpack_post_was_ever_published":false,"footnotes":""},"class_list":["post-10","page","type-page","status-publish","has-post-thumbnail","hentry"],"yoast_head":"<!-- This site is optimized with the Yoast SEO plugin v16.7 - https:\/\/yoast.com\/wordpress\/plugins\/seo\/ -->\n<title>News - Antoine CIOSI<\/title>\n<meta name=\"robots\" content=\"index, follow, max-snippet:-1, max-image-preview:large, max-video-preview:-1\" \/>\n<link rel=\"canonical\" href=\"https:\/\/antoine-ciosi.com\/index.php\/news\/\" \/>\n<meta property=\"og:locale\" content=\"fr_FR\" \/>\n<meta property=\"og:type\" content=\"article\" \/>\n<meta property=\"og:title\" content=\"News - Antoine CIOSI\" \/>\n<meta property=\"og:description\" content=\"CONCERT EVENEMENT CORSU MEZU MEZU ! VENEZ NOMBREUX CET AUTOMNE \u00c0 LA DEFENSE ARENA https:\/\/www.fnacspectacles.com\/artist\/corsumezumezu\/ L&rsquo;album Corsu Mezu Mezu 2 est sorti ! Un beau cadeau pour la Corse ! Merci \u00e0 Patrick Fiori et \u00e0 tous les participants ! On peut m&rsquo;entendre interpr\u00e9ter ma chanson \u00ab\u00a0Le Dernier des Bandits\u00a0\u00bb (paroles du regrett\u00e9 Francis L\u00e9andri, &hellip; Continuer la lecture de &laquo;&nbsp;News&nbsp;&raquo;\" \/>\n<meta property=\"og:url\" content=\"https:\/\/antoine-ciosi.com\/index.php\/news\/\" \/>\n<meta property=\"og:site_name\" content=\"Antoine CIOSI\" \/>\n<meta property=\"article:modified_time\" content=\"2023-03-01T16:08:17+00:00\" \/>\n<meta property=\"og:image\" content=\"http:\/\/antoine-ciosi.com\/wp-content\/uploads\/2018\/02\/AntoineCiosiCouleur.jpg\" \/>\n\t<meta property=\"og:image:width\" content=\"1950\" \/>\n\t<meta property=\"og:image:height\" content=\"1000\" \/>\n<meta name=\"twitter:card\" content=\"summary_large_image\" \/>\n<meta name=\"twitter:label1\" content=\"Dur\u00e9e de lecture est.\" \/>\n\t<meta name=\"twitter:data1\" content=\"1 minute\" \/>\n<script type=\"application\/ld+json\" class=\"yoast-schema-graph\">{\"@context\":\"https:\/\/schema.org\",\"@graph\":[{\"@type\":\"WebSite\",\"@id\":\"https:\/\/antoine-ciosi.com\/#website\",\"url\":\"https:\/\/antoine-ciosi.com\/\",\"name\":\"Antoine CIOSI\",\"description\":\"Nouvel Album - Babbu \\u00e8 Figliolu - En vente d\\u00e8s maintenant\",\"potentialAction\":[{\"@type\":\"SearchAction\",\"target\":{\"@type\":\"EntryPoint\",\"urlTemplate\":\"https:\/\/antoine-ciosi.com\/?s={search_term_string}\"},\"query-input\":\"required name=search_term_string\"}],\"inLanguage\":\"fr-FR\"},{\"@type\":\"ImageObject\",\"@id\":\"https:\/\/antoine-ciosi.com\/index.php\/news\/#primaryimage\",\"inLanguage\":\"fr-FR\",\"url\":\"https:\/\/i0.wp.com\/antoine-ciosi.com\/wp-content\/uploads\/2018\/02\/AntoineCiosiCouleur.jpg?fit=1950%2C1000&ssl=1\",\"contentUrl\":\"https:\/\/i0.wp.com\/antoine-ciosi.com\/wp-content\/uploads\/2018\/02\/AntoineCiosiCouleur.jpg?fit=1950%2C1000&ssl=1\",\"width\":1950,\"height\":1000},{\"@type\":\"WebPage\",\"@id\":\"https:\/\/antoine-ciosi.com\/index.php\/news\/#webpage\",\"url\":\"https:\/\/antoine-ciosi.com\/index.php\/news\/\",\"name\":\"News - Antoine CIOSI\",\"isPartOf\":{\"@id\":\"https:\/\/antoine-ciosi.com\/#website\"},\"primaryImageOfPage\":{\"@id\":\"https:\/\/antoine-ciosi.com\/index.php\/news\/#primaryimage\"},\"datePublished\":\"2018-02-06T21:33:28+00:00\",\"dateModified\":\"2023-03-01T16:08:17+00:00\",\"breadcrumb\":{\"@id\":\"https:\/\/antoine-ciosi.com\/index.php\/news\/#breadcrumb\"},\"inLanguage\":\"fr-FR\",\"potentialAction\":[{\"@type\":\"ReadAction\",\"target\":[\"https:\/\/antoine-ciosi.com\/index.php\/news\/\"]}]},{\"@type\":\"BreadcrumbList\",\"@id\":\"https:\/\/antoine-ciosi.com\/index.php\/news\/#breadcrumb\",\"itemListElement\":[{\"@type\":\"ListItem\",\"position\":1,\"name\":\"Accueil\",\"item\":\"https:\/\/antoine-ciosi.com\/\"},{\"@type\":\"ListItem\",\"position\":2,\"name\":\"News\"}]}]}<\/script>\n<!-- \/ Yoast SEO plugin. -->","yoast_head_json":{"title":"News - Antoine CIOSI","robots":{"index":"index","follow":"follow","max-snippet":"max-snippet:-1","max-image-preview":"max-image-preview:large","max-video-preview":"max-video-preview:-1"},"canonical":"https:\/\/antoine-ciosi.com\/index.php\/news\/","og_locale":"fr_FR","og_type":"article","og_title":"News - Antoine CIOSI","og_description":"CONCERT EVENEMENT CORSU MEZU MEZU ! VENEZ NOMBREUX CET AUTOMNE \u00c0 LA DEFENSE ARENA https:\/\/www.fnacspectacles.com\/artist\/corsumezumezu\/ L&rsquo;album Corsu Mezu Mezu 2 est sorti ! Un beau cadeau pour la Corse ! Merci \u00e0 Patrick Fiori et \u00e0 tous les participants ! On peut m&rsquo;entendre interpr\u00e9ter ma chanson \u00ab\u00a0Le Dernier des Bandits\u00a0\u00bb (paroles du regrett\u00e9 Francis L\u00e9andri, &hellip; Continuer la lecture de &laquo;&nbsp;News&nbsp;&raquo;","og_url":"https:\/\/antoine-ciosi.com\/index.php\/news\/","og_site_name":"Antoine CIOSI","article_modified_time":"2023-03-01T16:08:17+00:00","og_image":[{"width":1950,"height":1000,"url":"http:\/\/antoine-ciosi.com\/wp-content\/uploads\/2018\/02\/AntoineCiosiCouleur.jpg","path":"\/home\/antoinectp\/www\/wp-content\/uploads\/2018\/02\/AntoineCiosiCouleur.jpg","size":"full","id":72,"alt":"","pixels":1950000,"type":"image\/jpeg"}],"twitter_card":"summary_large_image","twitter_misc":{"Dur\u00e9e de lecture est.":"1 minute"},"schema":{"@context":"https:\/\/schema.org","@graph":[{"@type":"WebSite","@id":"https:\/\/antoine-ciosi.com\/#website","url":"https:\/\/antoine-ciosi.com\/","name":"Antoine CIOSI","description":"Nouvel Album - Babbu \u00e8 Figliolu - En vente d\u00e8s maintenant","potentialAction":[{"@type":"SearchAction","target":{"@type":"EntryPoint","urlTemplate":"https:\/\/antoine-ciosi.com\/?s={search_term_string}"},"query-input":"required name=search_term_string"}],"inLanguage":"fr-FR"},{"@type":"ImageObject","@id":"https:\/\/antoine-ciosi.com\/index.php\/news\/#primaryimage","inLanguage":"fr-FR","url":"https:\/\/i0.wp.com\/antoine-ciosi.com\/wp-content\/uploads\/2018\/02\/AntoineCiosiCouleur.jpg?fit=1950%2C1000&ssl=1","contentUrl":"https:\/\/i0.wp.com\/antoine-ciosi.com\/wp-content\/uploads\/2018\/02\/AntoineCiosiCouleur.jpg?fit=1950%2C1000&ssl=1","width":1950,"height":1000},{"@type":"WebPage","@id":"https:\/\/antoine-ciosi.com\/index.php\/news\/#webpage","url":"https:\/\/antoine-ciosi.com\/index.php\/news\/","name":"News - Antoine CIOSI","isPartOf":{"@id":"https:\/\/antoine-ciosi.com\/#website"},"primaryImageOfPage":{"@id":"https:\/\/antoine-ciosi.com\/index.php\/news\/#primaryimage"},"datePublished":"2018-02-06T21:33:28+00:00","dateModified":"2023-03-01T16:08:17+00:00","breadcrumb":{"@id":"https:\/\/antoine-ciosi.com\/index.php\/news\/#breadcrumb"},"inLanguage":"fr-FR","potentialAction":[{"@type":"ReadAction","target":["https:\/\/antoine-ciosi.com\/index.php\/news\/"]}]},{"@type":"BreadcrumbList","@id":"https:\/\/antoine-ciosi.com\/index.php\/news\/#breadcrumb","itemListElement":[{"@type":"ListItem","position":1,"name":"Accueil","item":"https:\/\/antoine-ciosi.com\/"},{"@type":"ListItem","position":2,"name":"News"}]}]}},"jetpack_sharing_enabled":true,"jetpack_shortlink":"https:\/\/wp.me\/P9DxBu-a","_links":{"self":[{"href":"https:\/\/antoine-ciosi.com\/index.php\/wp-json\/wp\/v2\/pages\/10","targetHints":{"allow":["GET"]}}],"collection":[{"href":"https:\/\/antoine-ciosi.com\/index.php\/wp-json\/wp\/v2\/pages"}],"about":[{"href":"https:\/\/antoine-ciosi.com\/index.php\/wp-json\/wp\/v2\/types\/page"}],"author":[{"embeddable":true,"href":"https:\/\/antoine-ciosi.com\/index.php\/wp-json\/wp\/v2\/users\/2"}],"replies":[{"embeddable":true,"href":"https:\/\/antoine-ciosi.com\/index.php\/wp-json\/wp\/v2\/comments?post=10"}],"version-history":[{"count":18,"href":"https:\/\/antoine-ciosi.com\/index.php\/wp-json\/wp\/v2\/pages\/10\/revisions"}],"predecessor-version":[{"id":3407,"href":"https:\/\/antoine-ciosi.com\/index.php\/wp-json\/wp\/v2\/pages\/10\/revisions\/3407"}],"wp:featuredmedia":[{"embeddable":true,"href":"https:\/\/antoine-ciosi.com\/index.php\/wp-json\/wp\/v2\/media\/72"}],"wp:attachment":[{"href":"https:\/\/antoine-ciosi.com\/index.php\/wp-json\/wp\/v2\/media?parent=10"}],"curies":[{"name":"wp","href":"https:\/\/api.w.org\/{rel}","templated":true}]}}