{"id":108,"date":"2018-02-07T03:00:09","date_gmt":"2018-02-07T02:00:09","guid":{"rendered":"http:\/\/antoine-ciosi.com\/?page_id=108"},"modified":"2022-09-06T17:51:50","modified_gmt":"2022-09-06T15:51:50","slug":"video","status":"publish","type":"page","link":"https:\/\/antoine-ciosi.com\/index.php\/video\/","title":{"rendered":"Video"},"content":{"rendered":"<p><strong>D\u00e9couvrez le clip de la chanson Corsu, extraite de l&rsquo;album DUETTI, en cliquant sur le lien :<\/strong> https:\/\/fb.watch\/72rxEOlegK\/<\/p>\n<p><\/p>\n<p class=\"p1\"><strong><em>Pr\u00e9sentation de la tourn\u00e9e &#8211;<\/em> \u00ab\u00a0Ultimu Giru\u00a0\u00bb &#8211; par Antoine Ciosi <\/strong><iframe loading=\"lazy\" src=\"https:\/\/www.youtube.com\/embed\/TPrRQ3X137k?rel=0\" width=\"560\" height=\"315\" frameborder=\"0\" allowfullscreen=\"allowfullscreen\"><\/iframe><\/p>\n<p>&nbsp;<strong><em>Les Folies Berg\u00e8re &#8211;<\/em> \u00ab\u00a0Ultimu Giru\u00a0\u00bb &#8211; France 3 Corse Via Stella &#8211; 2017<\/strong><\/p>\n<p class=\"p1\"><strong><em>\u00ab\u00a0O Corse, Ile d&rsquo;amour\u00a0\u00bb &#8211;<\/em> Claire Keim, Patrick Fiori, Antoine Ciosi &#8211; Les copains d&rsquo;abord &#8211; France 2 &#8211; 2016<\/strong>&nbsp;<iframe loading=\"lazy\" src=\"https:\/\/www.youtube.com\/embed\/mfTflZ9VCi8\" width=\"560\" height=\"315\" frameborder=\"0\" allowfullscreen=\"allowfullscreen\"><\/iframe><\/p>\n<p class=\"p1\"><strong>\u00ab\u00a0Antoine Ciosi avec ou sans filtre\u00a0\u00bb &#8211;&nbsp;FR3 Corse Via Stella &#8211; 2017 &#8211; (26&rsquo;36)<\/strong><br><iframe loading=\"lazy\" src=\"https:\/\/www.youtube.com\/embed\/5eANh56RGos?rel=0\" width=\"560\" height=\"315\" frameborder=\"0\" allowfullscreen=\"allowfullscreen\"><\/iframe><iframe loading=\"lazy\" src=\"https:\/\/www.youtube.com\/embed\/dKGgBgqRLB0?rel=0\" width=\"560\" height=\"315\" frameborder=\"0\" allowfullscreen=\"allowfullscreen\"><\/iframe><\/p>\n\n\n<figure class=\"wp-block-embed is-type-video is-provider-youtube wp-block-embed-youtube wp-embed-aspect-16-9 wp-has-aspect-ratio\"><div class=\"wp-block-embed__wrapper\">\n<iframe loading=\"lazy\" title=\"ANTOINE CIOSI CORSU\" width=\"525\" height=\"295\" src=\"https:\/\/www.youtube.com\/embed\/21LfVyQr4T0?feature=oembed\" frameborder=\"0\" allow=\"accelerometer; autoplay; clipboard-write; encrypted-media; gyroscope; picture-in-picture; web-share\" referrerpolicy=\"strict-origin-when-cross-origin\" allowfullscreen><\/iframe>\n<\/div><\/figure>\n\n\n\n<p><strong>CLIP de \u00ab\u00a0CORSU<\/strong>\u00ab\u00a0, <a href=\"https:\/\/antoine-ciosi.com\/index.php\/produit\/duetti\/\">Extrait de l\u2019album Duetti<\/a><\/p>\n\n\n\n<p>Paroles et musique de <strong>Michel Mallory<\/strong>. <\/p>\n\n\n\n<p><strong>Antoine Ciosi avec Arnaud Giacomoni, Christophe Mondoloni, Doria Ousset, Jean-Louis Simonpieri, L\u00e9a Antona, Fel\u00ec, Jean-Charles Papi, Maxime Merland, Maxime Merlandi et Franc\u00e8 Zito. <\/strong><\/p>\n\n\n\n<p>Clip r\u00e9alis\u00e9 par <strong>Pascal Albertini<\/strong> et<strong> Fernando De Azevedo<\/strong>. <\/p>\n\n\n\n<p>La chanson Corsu est un hymne \u00e0 tous les Corses : qu&rsquo;ils soient villageois, citadins, habitants la montagne ou le bord de mer, des 4 coins de l&rsquo;\u00eele, jeunes ou vieux, riches ou pauvres, exer\u00e7ant leur m\u00e9tier dans l&rsquo;artisanat, l&rsquo;agriculture, le commerce ou l&rsquo;enseignement, ayant une vie sociale qui leur est propre, tous expriment le m\u00eame attachement visc\u00e9ral \u00e0 leur \u00eele. Cette chanson, interpr\u00e9t\u00e9e de mani\u00e8re coll\u00e9giale par plus de 10 artistes corses, illustre \u00e0 merveille cette notion de partage et de transmission qu&rsquo;Antoine Ciosi s&rsquo;efforce de mettre \u00e0 l&rsquo;honneur depuis le d\u00e9but de cette aventure. Le clip a \u00e9t\u00e9 tourn\u00e9 en mai 2021 dans la Citadelle de Corte, lieux hautement symbolique, ancienne capitale de Corse devenue ville universitaire. Antoine Ciosi et ses amis chantent la Corse d&rsquo;aujourd&rsquo;hui, qui trace son chemin dans ce si\u00e8cle, portant fi\u00e8rement son h\u00e9ritage culturel, et regardant sereinement vers l&rsquo;avenir. Cet avenir que l&rsquo;on voit tout au long du film dans le regard et la joie de vivre des enfants de l&rsquo;association Ghjuvent\u00f9 Cerviuninca (anim\u00e9e par Nathalie Simonetti et Luc Vadi). <\/p>\n\n\n\n<p>Ainsi, dans ce clip toutes les g\u00e9n\u00e9rations communient ensemble et f\u00eatent la Corse.<\/p>\n","protected":false},"excerpt":{"rendered":"<p>D\u00e9couvrez le clip de la chanson Corsu, extraite de l&rsquo;album DUETTI, en cliquant sur le lien : https:\/\/fb.watch\/72rxEOlegK\/ Pr\u00e9sentation de la tourn\u00e9e &#8211; \u00ab\u00a0Ultimu Giru\u00a0\u00bb &#8211; par Antoine Ciosi &nbsp;Les Folies Berg\u00e8re &#8211; \u00ab\u00a0Ultimu Giru\u00a0\u00bb &#8211; France 3 Corse Via Stella &#8211; 2017 \u00ab\u00a0O Corse, Ile d&rsquo;amour\u00a0\u00bb &#8211; Claire Keim, Patrick Fiori, Antoine Ciosi &#8211; &hellip; <\/p>\n<p class=\"link-more\"><a href=\"https:\/\/antoine-ciosi.com\/index.php\/video\/\" class=\"more-link\">Continuer la lecture<span class=\"screen-reader-text\"> de &laquo;&nbsp;Video&nbsp;&raquo;<\/span><\/a><\/p>\n","protected":false},"author":1,"featured_media":0,"parent":0,"menu_order":2,"comment_status":"closed","ping_status":"closed","template":"","meta":{"jetpack_post_was_ever_published":false,"footnotes":""},"class_list":["post-108","page","type-page","status-publish","hentry"],"yoast_head":"<!-- This site is optimized with the Yoast SEO plugin v16.7 - https:\/\/yoast.com\/wordpress\/plugins\/seo\/ -->\n<title>Video - Antoine CIOSI<\/title>\n<meta name=\"robots\" content=\"index, follow, max-snippet:-1, max-image-preview:large, max-video-preview:-1\" \/>\n<link rel=\"canonical\" href=\"https:\/\/antoine-ciosi.com\/index.php\/video\/\" \/>\n<meta property=\"og:locale\" content=\"fr_FR\" \/>\n<meta property=\"og:type\" content=\"article\" \/>\n<meta property=\"og:title\" content=\"Video - Antoine CIOSI\" \/>\n<meta property=\"og:description\" content=\"D\u00e9couvrez le clip de la chanson Corsu, extraite de l&rsquo;album DUETTI, en cliquant sur le lien : https:\/\/fb.watch\/72rxEOlegK\/ Pr\u00e9sentation de la tourn\u00e9e &#8211; \u00ab\u00a0Ultimu Giru\u00a0\u00bb &#8211; par Antoine Ciosi &nbsp;Les Folies Berg\u00e8re &#8211; \u00ab\u00a0Ultimu Giru\u00a0\u00bb &#8211; France 3 Corse Via Stella &#8211; 2017 \u00ab\u00a0O Corse, Ile d&rsquo;amour\u00a0\u00bb &#8211; Claire Keim, Patrick Fiori, Antoine Ciosi &#8211; &hellip; Continuer la lecture de &laquo;&nbsp;Video&nbsp;&raquo;\" \/>\n<meta property=\"og:url\" content=\"https:\/\/antoine-ciosi.com\/index.php\/video\/\" \/>\n<meta property=\"og:site_name\" content=\"Antoine CIOSI\" \/>\n<meta property=\"article:modified_time\" content=\"2022-09-06T15:51:50+00:00\" \/>\n<meta name=\"twitter:card\" content=\"summary_large_image\" \/>\n<meta name=\"twitter:label1\" content=\"Dur\u00e9e de lecture est.\" \/>\n\t<meta name=\"twitter:data1\" content=\"2 minutes\" \/>\n<script type=\"application\/ld+json\" class=\"yoast-schema-graph\">{\"@context\":\"https:\/\/schema.org\",\"@graph\":[{\"@type\":\"WebSite\",\"@id\":\"https:\/\/antoine-ciosi.com\/#website\",\"url\":\"https:\/\/antoine-ciosi.com\/\",\"name\":\"Antoine CIOSI\",\"description\":\"Nouvel Album - Babbu \\u00e8 Figliolu - En vente d\\u00e8s maintenant\",\"potentialAction\":[{\"@type\":\"SearchAction\",\"target\":{\"@type\":\"EntryPoint\",\"urlTemplate\":\"https:\/\/antoine-ciosi.com\/?s={search_term_string}\"},\"query-input\":\"required name=search_term_string\"}],\"inLanguage\":\"fr-FR\"},{\"@type\":\"WebPage\",\"@id\":\"https:\/\/antoine-ciosi.com\/index.php\/video\/#webpage\",\"url\":\"https:\/\/antoine-ciosi.com\/index.php\/video\/\",\"name\":\"Video - Antoine CIOSI\",\"isPartOf\":{\"@id\":\"https:\/\/antoine-ciosi.com\/#website\"},\"datePublished\":\"2018-02-07T02:00:09+00:00\",\"dateModified\":\"2022-09-06T15:51:50+00:00\",\"breadcrumb\":{\"@id\":\"https:\/\/antoine-ciosi.com\/index.php\/video\/#breadcrumb\"},\"inLanguage\":\"fr-FR\",\"potentialAction\":[{\"@type\":\"ReadAction\",\"target\":[\"https:\/\/antoine-ciosi.com\/index.php\/video\/\"]}]},{\"@type\":\"BreadcrumbList\",\"@id\":\"https:\/\/antoine-ciosi.com\/index.php\/video\/#breadcrumb\",\"itemListElement\":[{\"@type\":\"ListItem\",\"position\":1,\"name\":\"Accueil\",\"item\":\"https:\/\/antoine-ciosi.com\/\"},{\"@type\":\"ListItem\",\"position\":2,\"name\":\"Video\"}]}]}<\/script>\n<!-- \/ Yoast SEO plugin. -->","yoast_head_json":{"title":"Video - Antoine CIOSI","robots":{"index":"index","follow":"follow","max-snippet":"max-snippet:-1","max-image-preview":"max-image-preview:large","max-video-preview":"max-video-preview:-1"},"canonical":"https:\/\/antoine-ciosi.com\/index.php\/video\/","og_locale":"fr_FR","og_type":"article","og_title":"Video - Antoine CIOSI","og_description":"D\u00e9couvrez le clip de la chanson Corsu, extraite de l&rsquo;album DUETTI, en cliquant sur le lien : https:\/\/fb.watch\/72rxEOlegK\/ Pr\u00e9sentation de la tourn\u00e9e &#8211; \u00ab\u00a0Ultimu Giru\u00a0\u00bb &#8211; par Antoine Ciosi &nbsp;Les Folies Berg\u00e8re &#8211; \u00ab\u00a0Ultimu Giru\u00a0\u00bb &#8211; France 3 Corse Via Stella &#8211; 2017 \u00ab\u00a0O Corse, Ile d&rsquo;amour\u00a0\u00bb &#8211; Claire Keim, Patrick Fiori, Antoine Ciosi &#8211; &hellip; Continuer la lecture de &laquo;&nbsp;Video&nbsp;&raquo;","og_url":"https:\/\/antoine-ciosi.com\/index.php\/video\/","og_site_name":"Antoine CIOSI","article_modified_time":"2022-09-06T15:51:50+00:00","twitter_card":"summary_large_image","twitter_misc":{"Dur\u00e9e de lecture est.":"2 minutes"},"schema":{"@context":"https:\/\/schema.org","@graph":[{"@type":"WebSite","@id":"https:\/\/antoine-ciosi.com\/#website","url":"https:\/\/antoine-ciosi.com\/","name":"Antoine CIOSI","description":"Nouvel Album - Babbu \u00e8 Figliolu - En vente d\u00e8s maintenant","potentialAction":[{"@type":"SearchAction","target":{"@type":"EntryPoint","urlTemplate":"https:\/\/antoine-ciosi.com\/?s={search_term_string}"},"query-input":"required name=search_term_string"}],"inLanguage":"fr-FR"},{"@type":"WebPage","@id":"https:\/\/antoine-ciosi.com\/index.php\/video\/#webpage","url":"https:\/\/antoine-ciosi.com\/index.php\/video\/","name":"Video - Antoine CIOSI","isPartOf":{"@id":"https:\/\/antoine-ciosi.com\/#website"},"datePublished":"2018-02-07T02:00:09+00:00","dateModified":"2022-09-06T15:51:50+00:00","breadcrumb":{"@id":"https:\/\/antoine-ciosi.com\/index.php\/video\/#breadcrumb"},"inLanguage":"fr-FR","potentialAction":[{"@type":"ReadAction","target":["https:\/\/antoine-ciosi.com\/index.php\/video\/"]}]},{"@type":"BreadcrumbList","@id":"https:\/\/antoine-ciosi.com\/index.php\/video\/#breadcrumb","itemListElement":[{"@type":"ListItem","position":1,"name":"Accueil","item":"https:\/\/antoine-ciosi.com\/"},{"@type":"ListItem","position":2,"name":"Video"}]}]}},"jetpack_sharing_enabled":true,"jetpack_shortlink":"https:\/\/wp.me\/P9DxBu-1K","_links":{"self":[{"href":"https:\/\/antoine-ciosi.com\/index.php\/wp-json\/wp\/v2\/pages\/108","targetHints":{"allow":["GET"]}}],"collection":[{"href":"https:\/\/antoine-ciosi.com\/index.php\/wp-json\/wp\/v2\/pages"}],"about":[{"href":"https:\/\/antoine-ciosi.com\/index.php\/wp-json\/wp\/v2\/types\/page"}],"author":[{"embeddable":true,"href":"https:\/\/antoine-ciosi.com\/index.php\/wp-json\/wp\/v2\/users\/1"}],"replies":[{"embeddable":true,"href":"https:\/\/antoine-ciosi.com\/index.php\/wp-json\/wp\/v2\/comments?post=108"}],"version-history":[{"count":13,"href":"https:\/\/antoine-ciosi.com\/index.php\/wp-json\/wp\/v2\/pages\/108\/revisions"}],"predecessor-version":[{"id":2590,"href":"https:\/\/antoine-ciosi.com\/index.php\/wp-json\/wp\/v2\/pages\/108\/revisions\/2590"}],"wp:attachment":[{"href":"https:\/\/antoine-ciosi.com\/index.php\/wp-json\/wp\/v2\/media?parent=108"}],"curies":[{"name":"wp","href":"https:\/\/api.w.org\/{rel}","templated":true}]}}