{"id":517,"date":"2020-09-01T11:55:30","date_gmt":"2020-09-01T09:55:30","guid":{"rendered":"http:\/\/antoine-ciosi.com\/index.php\/page-daccueil\/"},"modified":"2023-11-21T09:48:48","modified_gmt":"2023-11-21T08:48:48","slug":"page-daccueil","status":"publish","type":"page","link":"https:\/\/antoine-ciosi.com\/","title":{"rendered":"Nouvel Album: Babbu \u00e8 Figliolu"},"content":{"rendered":"\n<div class=\"wp-block-cover\" style=\"min-height:430px;aspect-ratio:unset;\"><span aria-hidden=\"true\" class=\"wp-block-cover__background has-background-dim\"><\/span><img data-recalc-dims=\"1\" loading=\"lazy\" decoding=\"async\" width=\"525\" height=\"525\" class=\"wp-block-cover__image-background wp-image-3978\" alt=\"\" src=\"https:\/\/i0.wp.com\/antoine-ciosi.com\/wp-content\/uploads\/2023\/11\/babbu3-scaled.jpg?resize=525%2C525&#038;ssl=1\" style=\"object-position:55% 97%\" data-object-fit=\"cover\" data-object-position=\"55% 97%\" srcset=\"https:\/\/i0.wp.com\/antoine-ciosi.com\/wp-content\/uploads\/2023\/11\/babbu3-scaled.jpg?w=2560&amp;ssl=1 2560w, https:\/\/i0.wp.com\/antoine-ciosi.com\/wp-content\/uploads\/2023\/11\/babbu3-scaled.jpg?resize=300%2C300&amp;ssl=1 300w, https:\/\/i0.wp.com\/antoine-ciosi.com\/wp-content\/uploads\/2023\/11\/babbu3-scaled.jpg?resize=1024%2C1024&amp;ssl=1 1024w, https:\/\/i0.wp.com\/antoine-ciosi.com\/wp-content\/uploads\/2023\/11\/babbu3-scaled.jpg?resize=150%2C150&amp;ssl=1 150w, https:\/\/i0.wp.com\/antoine-ciosi.com\/wp-content\/uploads\/2023\/11\/babbu3-scaled.jpg?resize=768%2C768&amp;ssl=1 768w, https:\/\/i0.wp.com\/antoine-ciosi.com\/wp-content\/uploads\/2023\/11\/babbu3-scaled.jpg?resize=1536%2C1536&amp;ssl=1 1536w, https:\/\/i0.wp.com\/antoine-ciosi.com\/wp-content\/uploads\/2023\/11\/babbu3-scaled.jpg?resize=2048%2C2048&amp;ssl=1 2048w, https:\/\/i0.wp.com\/antoine-ciosi.com\/wp-content\/uploads\/2023\/11\/babbu3-scaled.jpg?resize=100%2C100&amp;ssl=1 100w, https:\/\/i0.wp.com\/antoine-ciosi.com\/wp-content\/uploads\/2023\/11\/babbu3-scaled.jpg?resize=250%2C250&amp;ssl=1 250w, https:\/\/i0.wp.com\/antoine-ciosi.com\/wp-content\/uploads\/2023\/11\/babbu3-scaled.jpg?resize=350%2C350&amp;ssl=1 350w\" sizes=\"auto, (max-width: 767px) 89vw, (max-width: 1000px) 54vw, (max-width: 1071px) 543px, 580px\" \/><div class=\"wp-block-cover__inner-container is-layout-flow wp-block-cover-is-layout-flow\">\n<p class=\"has-text-align-center has-large-font-size has-white-color has-text-color\">Pr\u00e9-commandez maintenant<br>Recevez-le d\u00e9but d\u00e9cembre<\/p>\n\n\n\n<p class=\"has-white-color has-text-color\"><strong> Nouvel album P\u00e8re et fils en toute intimit\u00e9.<\/strong> Guitare et voix sur un r\u00e9pertoire \u00e9pur\u00e9 qui magnifie le verbe et la po\u00e9sie en langue corse et fran\u00e7aise<\/p>\n\n\n\n<p><\/p>\n\n\n\n<div class=\"wp-block-button aligncenter\"><a class=\"wp-block-button__link wp-element-button\" href=\"https:\/\/antoine-ciosi.com\/index.php\/produit\/album-babbu-e-figliolu\/\" target=\"_blank\" rel=\"noreferrer noopener\">Commander maintenant<\/a><\/div>\n<\/div><\/div>\n\n\n<div data-align-buttons=\"true\" data-block-name=\"woocommerce\/product-new\" data-columns=\"5\" data-rows=\"1\" class=\"wc-block-grid wp-block-product-new wp-block-woocommerce-product-new wc-block-product-new has-5-columns has-aligned-buttons\"><ul class=\"wc-block-grid__products\"><li class=\"wc-block-grid__product\">\n\t\t\t\t<a href=\"https:\/\/antoine-ciosi.com\/index.php\/produit\/promo-noel-partenza\/\" class=\"wc-block-grid__product-link\">\n\t\t\t\t\t<div class=\"wc-block-grid__product-onsale\">\n\t\t\t<span aria-hidden=\"true\">Promo<\/span>\n\t\t\t<span class=\"screen-reader-text\">Produit en promotion<\/span>\n\t\t<\/div>\n\t\t\t\t\t<div class=\"wc-block-grid__product-image\"><img loading=\"lazy\" decoding=\"async\" width=\"250\" height=\"250\" src=\"https:\/\/i0.wp.com\/antoine-ciosi.com\/wp-content\/uploads\/2025\/11\/IMG-20251109-WA0009-1-scaled.jpeg?resize=250%2C250&amp;ssl=1\" class=\"attachment-woocommerce_thumbnail size-woocommerce_thumbnail\" alt=\"PROMO NO\u00cbL PARTENZA\" srcset=\"https:\/\/i0.wp.com\/antoine-ciosi.com\/wp-content\/uploads\/2025\/11\/IMG-20251109-WA0009-1-scaled.jpeg?w=2560&amp;ssl=1 2560w, https:\/\/i0.wp.com\/antoine-ciosi.com\/wp-content\/uploads\/2025\/11\/IMG-20251109-WA0009-1-scaled.jpeg?resize=300%2C300&amp;ssl=1 300w, https:\/\/i0.wp.com\/antoine-ciosi.com\/wp-content\/uploads\/2025\/11\/IMG-20251109-WA0009-1-scaled.jpeg?resize=1024%2C1024&amp;ssl=1 1024w, https:\/\/i0.wp.com\/antoine-ciosi.com\/wp-content\/uploads\/2025\/11\/IMG-20251109-WA0009-1-scaled.jpeg?resize=150%2C150&amp;ssl=1 150w, https:\/\/i0.wp.com\/antoine-ciosi.com\/wp-content\/uploads\/2025\/11\/IMG-20251109-WA0009-1-scaled.jpeg?resize=768%2C768&amp;ssl=1 768w, https:\/\/i0.wp.com\/antoine-ciosi.com\/wp-content\/uploads\/2025\/11\/IMG-20251109-WA0009-1-scaled.jpeg?resize=1536%2C1536&amp;ssl=1 1536w, https:\/\/i0.wp.com\/antoine-ciosi.com\/wp-content\/uploads\/2025\/11\/IMG-20251109-WA0009-1-scaled.jpeg?resize=2048%2C2048&amp;ssl=1 2048w, https:\/\/i0.wp.com\/antoine-ciosi.com\/wp-content\/uploads\/2025\/11\/IMG-20251109-WA0009-1-scaled.jpeg?resize=100%2C100&amp;ssl=1 100w, https:\/\/i0.wp.com\/antoine-ciosi.com\/wp-content\/uploads\/2025\/11\/IMG-20251109-WA0009-1-scaled.jpeg?resize=250%2C250&amp;ssl=1 250w, https:\/\/i0.wp.com\/antoine-ciosi.com\/wp-content\/uploads\/2025\/11\/IMG-20251109-WA0009-1-scaled.jpeg?resize=350%2C350&amp;ssl=1 350w\" sizes=\"auto, 100vw\" \/><\/div>\n\t\t\t\t\t<div class=\"wc-block-grid__product-title\">PROMO NO\u00cbL PARTENZA<\/div>\n\t\t\t\t<\/a>\n\t\t\t\t<div class=\"wc-block-grid__product-price price\"><del aria-hidden=\"true\"><span class=\"woocommerce-Price-amount amount\">22,00&nbsp;<span class=\"woocommerce-Price-currencySymbol\">&euro;<\/span><\/span><\/del> <span class=\"screen-reader-text\">Le prix initial \u00e9tait\u00a0: 22,00&nbsp;&euro;.<\/span><ins aria-hidden=\"true\"><span class=\"woocommerce-Price-amount amount\">18,00&nbsp;<span class=\"woocommerce-Price-currencySymbol\">&euro;<\/span><\/span><\/ins><span class=\"screen-reader-text\">Le prix actuel est\u00a0: 18,00&nbsp;&euro;.<\/span><\/div>\n\t\t\t\t\n\t\t\t\t<div class=\"wp-block-button wc-block-grid__product-add-to-cart\"><a href=\"\/index.php\/wp-json\/wp\/v2\/pages\/517?add-to-cart=7069\" aria-label=\"Ajouter au panier\u00a0: &ldquo;PROMO NO\u00cbL PARTENZA&rdquo;\" data-quantity=\"1\" data-product_id=\"7069\" data-product_sku=\"\" data-price=\"18\" rel=\"nofollow\" class=\"wp-block-button__link  add_to_cart_button ajax_add_to_cart\">Ajouter au panier<\/a><\/div>\n\t\t\t<\/li><li class=\"wc-block-grid__product\">\n\t\t\t\t<a href=\"https:\/\/antoine-ciosi.com\/index.php\/produit\/noel-pack-2-albums\/\" class=\"wc-block-grid__product-link\">\n\t\t\t\t\t<div class=\"wc-block-grid__product-onsale\">\n\t\t\t<span aria-hidden=\"true\">Promo<\/span>\n\t\t\t<span class=\"screen-reader-text\">Produit en promotion<\/span>\n\t\t<\/div>\n\t\t\t\t\t<div class=\"wc-block-grid__product-image\"><img loading=\"lazy\" decoding=\"async\" width=\"250\" height=\"250\" src=\"https:\/\/i0.wp.com\/antoine-ciosi.com\/wp-content\/uploads\/2025\/11\/Design-sans-titre-3-1.jpeg?resize=250%2C250&amp;ssl=1\" class=\"attachment-woocommerce_thumbnail size-woocommerce_thumbnail\" alt=\"NO\u00cbL PACK 2 ALBUMS\" srcset=\"https:\/\/i0.wp.com\/antoine-ciosi.com\/wp-content\/uploads\/2025\/11\/Design-sans-titre-3-1.jpeg?resize=150%2C150&amp;ssl=1 150w, https:\/\/i0.wp.com\/antoine-ciosi.com\/wp-content\/uploads\/2025\/11\/Design-sans-titre-3-1.jpeg?resize=100%2C100&amp;ssl=1 100w, https:\/\/i0.wp.com\/antoine-ciosi.com\/wp-content\/uploads\/2025\/11\/Design-sans-titre-3-1.jpeg?resize=250%2C250&amp;ssl=1 250w, https:\/\/i0.wp.com\/antoine-ciosi.com\/wp-content\/uploads\/2025\/11\/Design-sans-titre-3-1.jpeg?zoom=2&amp;resize=250%2C250&amp;ssl=1 500w, https:\/\/i0.wp.com\/antoine-ciosi.com\/wp-content\/uploads\/2025\/11\/Design-sans-titre-3-1.jpeg?zoom=3&amp;resize=250%2C250&amp;ssl=1 750w\" sizes=\"auto, 100vw\" \/><\/div>\n\t\t\t\t\t<div class=\"wc-block-grid__product-title\">NO\u00cbL PACK 2 ALBUMS<\/div>\n\t\t\t\t<\/a>\n\t\t\t\t<div class=\"wc-block-grid__product-price price\"><del aria-hidden=\"true\"><span class=\"woocommerce-Price-amount amount\">38,90&nbsp;<span class=\"woocommerce-Price-currencySymbol\">&euro;<\/span><\/span><\/del> <span class=\"screen-reader-text\">Le prix initial \u00e9tait\u00a0: 38,90&nbsp;&euro;.<\/span><ins aria-hidden=\"true\"><span class=\"woocommerce-Price-amount amount\">32,00&nbsp;<span class=\"woocommerce-Price-currencySymbol\">&euro;<\/span><\/span><\/ins><span class=\"screen-reader-text\">Le prix actuel est\u00a0: 32,00&nbsp;&euro;.<\/span><\/div>\n\t\t\t\t\n\t\t\t\t<div class=\"wp-block-button wc-block-grid__product-add-to-cart\"><a href=\"\/index.php\/wp-json\/wp\/v2\/pages\/517?add-to-cart=7060\" aria-label=\"Ajouter au panier\u00a0: &ldquo;NO\u00cbL PACK 2 ALBUMS&rdquo;\" data-quantity=\"1\" data-product_id=\"7060\" data-product_sku=\"\" data-price=\"32\" rel=\"nofollow\" class=\"wp-block-button__link  add_to_cart_button ajax_add_to_cart\">Ajouter au panier<\/a><\/div>\n\t\t\t<\/li><li class=\"wc-block-grid__product\">\n\t\t\t\t<a href=\"https:\/\/antoine-ciosi.com\/index.php\/produit\/noel-pack-3-albums\/\" class=\"wc-block-grid__product-link\">\n\t\t\t\t\t<div class=\"wc-block-grid__product-onsale\">\n\t\t\t<span aria-hidden=\"true\">Promo<\/span>\n\t\t\t<span class=\"screen-reader-text\">Produit en promotion<\/span>\n\t\t<\/div>\n\t\t\t\t\t<div class=\"wc-block-grid__product-image\"><img loading=\"lazy\" decoding=\"async\" width=\"250\" height=\"250\" src=\"https:\/\/i0.wp.com\/antoine-ciosi.com\/wp-content\/uploads\/2025\/11\/Design-sans-titre-2.jpeg?resize=250%2C250&amp;ssl=1\" class=\"attachment-woocommerce_thumbnail size-woocommerce_thumbnail\" alt=\"NO\u00cbL PACK 3 ALBUMS\" srcset=\"https:\/\/i0.wp.com\/antoine-ciosi.com\/wp-content\/uploads\/2025\/11\/Design-sans-titre-2.jpeg?resize=150%2C150&amp;ssl=1 150w, https:\/\/i0.wp.com\/antoine-ciosi.com\/wp-content\/uploads\/2025\/11\/Design-sans-titre-2.jpeg?resize=100%2C100&amp;ssl=1 100w, https:\/\/i0.wp.com\/antoine-ciosi.com\/wp-content\/uploads\/2025\/11\/Design-sans-titre-2.jpeg?resize=250%2C250&amp;ssl=1 250w, https:\/\/i0.wp.com\/antoine-ciosi.com\/wp-content\/uploads\/2025\/11\/Design-sans-titre-2.jpeg?zoom=2&amp;resize=250%2C250&amp;ssl=1 500w, https:\/\/i0.wp.com\/antoine-ciosi.com\/wp-content\/uploads\/2025\/11\/Design-sans-titre-2.jpeg?zoom=3&amp;resize=250%2C250&amp;ssl=1 750w\" sizes=\"auto, 100vw\" \/><\/div>\n\t\t\t\t\t<div class=\"wc-block-grid__product-title\">NO\u00cbL PACK 3 ALBUMS<\/div>\n\t\t\t\t<\/a>\n\t\t\t\t<div class=\"wc-block-grid__product-price price\"><del aria-hidden=\"true\"><span class=\"woocommerce-Price-amount amount\">66,00&nbsp;<span class=\"woocommerce-Price-currencySymbol\">&euro;<\/span><\/span><\/del> <span class=\"screen-reader-text\">Le prix initial \u00e9tait\u00a0: 66,00&nbsp;&euro;.<\/span><ins aria-hidden=\"true\"><span class=\"woocommerce-Price-amount amount\">50,00&nbsp;<span class=\"woocommerce-Price-currencySymbol\">&euro;<\/span><\/span><\/ins><span class=\"screen-reader-text\">Le prix actuel est\u00a0: 50,00&nbsp;&euro;.<\/span><\/div>\n\t\t\t\t\n\t\t\t\t<div class=\"wp-block-button wc-block-grid__product-add-to-cart\"><a href=\"\/index.php\/wp-json\/wp\/v2\/pages\/517?add-to-cart=7037\" aria-label=\"Ajouter au panier\u00a0: &ldquo;NO\u00cbL PACK 3 ALBUMS&rdquo;\" data-quantity=\"1\" data-product_id=\"7037\" data-product_sku=\"\" data-price=\"50\" rel=\"nofollow\" class=\"wp-block-button__link  add_to_cart_button ajax_add_to_cart\">Ajouter au panier<\/a><\/div>\n\t\t\t<\/li><li class=\"wc-block-grid__product\">\n\t\t\t\t<a href=\"https:\/\/antoine-ciosi.com\/index.php\/produit\/partenza-de-jerome-ciosi\/\" class=\"wc-block-grid__product-link\">\n\t\t\t\t\t\n\t\t\t\t\t<div class=\"wc-block-grid__product-image\"><img loading=\"lazy\" decoding=\"async\" width=\"250\" height=\"250\" src=\"https:\/\/i0.wp.com\/antoine-ciosi.com\/wp-content\/uploads\/2024\/09\/jerome-ciosi-album-partenza.jpg?resize=250%2C250&amp;ssl=1\" class=\"attachment-woocommerce_thumbnail size-woocommerce_thumbnail\" alt=\"Partenza - J\u00e9r\u00f4me Ciosi\" srcset=\"https:\/\/i0.wp.com\/antoine-ciosi.com\/wp-content\/uploads\/2024\/09\/jerome-ciosi-album-partenza.jpg?w=720&amp;ssl=1 720w, https:\/\/i0.wp.com\/antoine-ciosi.com\/wp-content\/uploads\/2024\/09\/jerome-ciosi-album-partenza.jpg?resize=300%2C300&amp;ssl=1 300w, https:\/\/i0.wp.com\/antoine-ciosi.com\/wp-content\/uploads\/2024\/09\/jerome-ciosi-album-partenza.jpg?resize=150%2C150&amp;ssl=1 150w, https:\/\/i0.wp.com\/antoine-ciosi.com\/wp-content\/uploads\/2024\/09\/jerome-ciosi-album-partenza.jpg?resize=100%2C100&amp;ssl=1 100w, https:\/\/i0.wp.com\/antoine-ciosi.com\/wp-content\/uploads\/2024\/09\/jerome-ciosi-album-partenza.jpg?resize=250%2C250&amp;ssl=1 250w, https:\/\/i0.wp.com\/antoine-ciosi.com\/wp-content\/uploads\/2024\/09\/jerome-ciosi-album-partenza.jpg?resize=350%2C350&amp;ssl=1 350w, https:\/\/i0.wp.com\/antoine-ciosi.com\/wp-content\/uploads\/2024\/09\/jerome-ciosi-album-partenza.jpg?resize=60%2C60&amp;ssl=1 60w, https:\/\/i0.wp.com\/antoine-ciosi.com\/wp-content\/uploads\/2024\/09\/jerome-ciosi-album-partenza.jpg?resize=90%2C90&amp;ssl=1 90w\" sizes=\"auto, 100vw\" \/><\/div>\n\t\t\t\t\t<div class=\"wc-block-grid__product-title\">\u00ab\u00a0Partenza\u00a0\u00bb de J\u00e9r\u00f4me Ciosi<\/div>\n\t\t\t\t<\/a>\n\t\t\t\t<div class=\"wc-block-grid__product-price price\"><span class=\"woocommerce-Price-amount amount\">21,00&nbsp;<span class=\"woocommerce-Price-currencySymbol\">&euro;<\/span><\/span><\/div>\n\t\t\t\t\n\t\t\t\t<div class=\"wp-block-button wc-block-grid__product-add-to-cart\"><a href=\"\/index.php\/wp-json\/wp\/v2\/pages\/517?add-to-cart=4981\" aria-label=\"Ajouter au panier\u00a0: &ldquo;&quot;Partenza&quot; de J\u00e9r\u00f4me Ciosi&rdquo;\" data-quantity=\"1\" data-product_id=\"4981\" data-product_sku=\"\" data-price=\"21\" rel=\"nofollow\" class=\"wp-block-button__link  add_to_cart_button ajax_add_to_cart\">Ajouter au panier<\/a><\/div>\n\t\t\t<\/li><li class=\"wc-block-grid__product\">\n\t\t\t\t<a href=\"https:\/\/antoine-ciosi.com\/index.php\/produit\/album-babbu-e-figliolu\/\" class=\"wc-block-grid__product-link\">\n\t\t\t\t\t\n\t\t\t\t\t<div class=\"wc-block-grid__product-image\"><img loading=\"lazy\" decoding=\"async\" width=\"250\" height=\"250\" src=\"https:\/\/i0.wp.com\/antoine-ciosi.com\/wp-content\/uploads\/2023\/11\/babbu3-scaled.jpg?resize=250%2C250&amp;ssl=1\" class=\"attachment-woocommerce_thumbnail size-woocommerce_thumbnail\" alt=\"Album &quot;Babbu \u00e8 Figliolu&quot;\" srcset=\"https:\/\/i0.wp.com\/antoine-ciosi.com\/wp-content\/uploads\/2023\/11\/babbu3-scaled.jpg?w=2560&amp;ssl=1 2560w, https:\/\/i0.wp.com\/antoine-ciosi.com\/wp-content\/uploads\/2023\/11\/babbu3-scaled.jpg?resize=300%2C300&amp;ssl=1 300w, https:\/\/i0.wp.com\/antoine-ciosi.com\/wp-content\/uploads\/2023\/11\/babbu3-scaled.jpg?resize=1024%2C1024&amp;ssl=1 1024w, https:\/\/i0.wp.com\/antoine-ciosi.com\/wp-content\/uploads\/2023\/11\/babbu3-scaled.jpg?resize=150%2C150&amp;ssl=1 150w, https:\/\/i0.wp.com\/antoine-ciosi.com\/wp-content\/uploads\/2023\/11\/babbu3-scaled.jpg?resize=768%2C768&amp;ssl=1 768w, https:\/\/i0.wp.com\/antoine-ciosi.com\/wp-content\/uploads\/2023\/11\/babbu3-scaled.jpg?resize=1536%2C1536&amp;ssl=1 1536w, https:\/\/i0.wp.com\/antoine-ciosi.com\/wp-content\/uploads\/2023\/11\/babbu3-scaled.jpg?resize=2048%2C2048&amp;ssl=1 2048w, https:\/\/i0.wp.com\/antoine-ciosi.com\/wp-content\/uploads\/2023\/11\/babbu3-scaled.jpg?resize=100%2C100&amp;ssl=1 100w, https:\/\/i0.wp.com\/antoine-ciosi.com\/wp-content\/uploads\/2023\/11\/babbu3-scaled.jpg?resize=250%2C250&amp;ssl=1 250w, https:\/\/i0.wp.com\/antoine-ciosi.com\/wp-content\/uploads\/2023\/11\/babbu3-scaled.jpg?resize=350%2C350&amp;ssl=1 350w\" sizes=\"auto, 100vw\" \/><\/div>\n\t\t\t\t\t<div class=\"wc-block-grid__product-title\">Album \u00ab\u00a0Babbu \u00e8 Figliolu\u00a0\u00bb<\/div>\n\t\t\t\t<\/a>\n\t\t\t\t<div class=\"wc-block-grid__product-price price\"><span class=\"woocommerce-Price-amount amount\">19,00&nbsp;<span class=\"woocommerce-Price-currencySymbol\">&euro;<\/span><\/span><\/div>\n\t\t\t\t\n\t\t\t\t<div class=\"wp-block-button wc-block-grid__product-add-to-cart\"><a href=\"\/index.php\/wp-json\/wp\/v2\/pages\/517?add-to-cart=3977\" aria-label=\"Ajouter au panier\u00a0: &ldquo;Album &quot;Babbu \u00e8 Figliolu&quot;&rdquo;\" data-quantity=\"1\" data-product_id=\"3977\" data-product_sku=\"\" data-price=\"19\" rel=\"nofollow\" class=\"wp-block-button__link  add_to_cart_button ajax_add_to_cart\">Ajouter au panier<\/a><\/div>\n\t\t\t<\/li><\/ul><\/div>\n\n","protected":false},"excerpt":{"rendered":"","protected":false},"author":1,"featured_media":3978,"parent":0,"menu_order":0,"comment_status":"closed","ping_status":"closed","template":"","meta":{"jetpack_post_was_ever_published":false,"footnotes":""},"class_list":["post-517","page","type-page","status-publish","has-post-thumbnail","hentry"],"yoast_head":"<!-- This site is optimized with the Yoast SEO plugin v16.7 - https:\/\/yoast.com\/wordpress\/plugins\/seo\/ -->\n<title>Nouvel Album: Babbu \u00e8 Figliolu - Antoine CIOSI<\/title>\n<meta name=\"robots\" content=\"index, follow, max-snippet:-1, max-image-preview:large, max-video-preview:-1\" \/>\n<link rel=\"canonical\" href=\"https:\/\/antoine-ciosi.com\/\" \/>\n<meta property=\"og:locale\" content=\"fr_FR\" \/>\n<meta property=\"og:type\" content=\"article\" \/>\n<meta property=\"og:title\" content=\"Nouvel Album: Babbu \u00e8 Figliolu - Antoine CIOSI\" \/>\n<meta property=\"og:url\" content=\"https:\/\/antoine-ciosi.com\/\" \/>\n<meta property=\"og:site_name\" content=\"Antoine CIOSI\" \/>\n<meta property=\"article:modified_time\" content=\"2023-11-21T08:48:48+00:00\" \/>\n<meta property=\"og:image\" content=\"https:\/\/antoine-ciosi.com\/wp-content\/uploads\/2023\/11\/babbu3-scaled.jpg\" \/>\n\t<meta property=\"og:image:width\" content=\"2560\" \/>\n\t<meta property=\"og:image:height\" content=\"2560\" \/>\n<meta name=\"twitter:card\" content=\"summary_large_image\" \/>\n<meta name=\"twitter:label1\" content=\"Dur\u00e9e de lecture est.\" \/>\n\t<meta name=\"twitter:data1\" content=\"1 minute\" \/>\n<script type=\"application\/ld+json\" class=\"yoast-schema-graph\">{\"@context\":\"https:\/\/schema.org\",\"@graph\":[{\"@type\":\"WebSite\",\"@id\":\"https:\/\/antoine-ciosi.com\/#website\",\"url\":\"https:\/\/antoine-ciosi.com\/\",\"name\":\"Antoine CIOSI\",\"description\":\"Nouvel Album - Babbu \\u00e8 Figliolu - En vente d\\u00e8s maintenant\",\"potentialAction\":[{\"@type\":\"SearchAction\",\"target\":{\"@type\":\"EntryPoint\",\"urlTemplate\":\"https:\/\/antoine-ciosi.com\/?s={search_term_string}\"},\"query-input\":\"required name=search_term_string\"}],\"inLanguage\":\"fr-FR\"},{\"@type\":\"ImageObject\",\"@id\":\"https:\/\/antoine-ciosi.com\/#primaryimage\",\"inLanguage\":\"fr-FR\",\"url\":\"https:\/\/i0.wp.com\/antoine-ciosi.com\/wp-content\/uploads\/2023\/11\/babbu3-scaled.jpg?fit=2560%2C2560&ssl=1\",\"contentUrl\":\"https:\/\/i0.wp.com\/antoine-ciosi.com\/wp-content\/uploads\/2023\/11\/babbu3-scaled.jpg?fit=2560%2C2560&ssl=1\",\"width\":2560,\"height\":2560},{\"@type\":\"WebPage\",\"@id\":\"https:\/\/antoine-ciosi.com\/#webpage\",\"url\":\"https:\/\/antoine-ciosi.com\/\",\"name\":\"Nouvel Album: Babbu \\u00e8 Figliolu - Antoine CIOSI\",\"isPartOf\":{\"@id\":\"https:\/\/antoine-ciosi.com\/#website\"},\"primaryImageOfPage\":{\"@id\":\"https:\/\/antoine-ciosi.com\/#primaryimage\"},\"datePublished\":\"2020-09-01T09:55:30+00:00\",\"dateModified\":\"2023-11-21T08:48:48+00:00\",\"breadcrumb\":{\"@id\":\"https:\/\/antoine-ciosi.com\/#breadcrumb\"},\"inLanguage\":\"fr-FR\",\"potentialAction\":[{\"@type\":\"ReadAction\",\"target\":[\"https:\/\/antoine-ciosi.com\/\"]}]},{\"@type\":\"BreadcrumbList\",\"@id\":\"https:\/\/antoine-ciosi.com\/#breadcrumb\",\"itemListElement\":[{\"@type\":\"ListItem\",\"position\":1,\"name\":\"Accueil\",\"item\":\"https:\/\/antoine-ciosi.com\/\"},{\"@type\":\"ListItem\",\"position\":2,\"name\":\"Nouvel Album: Babbu \\u00e8 Figliolu\"}]}]}<\/script>\n<!-- \/ Yoast SEO plugin. -->","yoast_head_json":{"title":"Nouvel Album: Babbu \u00e8 Figliolu - Antoine CIOSI","robots":{"index":"index","follow":"follow","max-snippet":"max-snippet:-1","max-image-preview":"max-image-preview:large","max-video-preview":"max-video-preview:-1"},"canonical":"https:\/\/antoine-ciosi.com\/","og_locale":"fr_FR","og_type":"article","og_title":"Nouvel Album: Babbu \u00e8 Figliolu - Antoine CIOSI","og_url":"https:\/\/antoine-ciosi.com\/","og_site_name":"Antoine CIOSI","article_modified_time":"2023-11-21T08:48:48+00:00","og_image":[{"width":2560,"height":2560,"filesize":1110786,"url":"https:\/\/antoine-ciosi.com\/wp-content\/uploads\/2023\/11\/babbu3-scaled.jpg","path":"\/home\/antoinectp\/www\/wp-content\/uploads\/2023\/11\/babbu3-scaled.jpg","size":"full","id":3978,"alt":"","pixels":6553600,"type":"image\/jpeg"}],"twitter_card":"summary_large_image","twitter_misc":{"Dur\u00e9e de lecture est.":"1 minute"},"schema":{"@context":"https:\/\/schema.org","@graph":[{"@type":"WebSite","@id":"https:\/\/antoine-ciosi.com\/#website","url":"https:\/\/antoine-ciosi.com\/","name":"Antoine CIOSI","description":"Nouvel Album - Babbu \u00e8 Figliolu - En vente d\u00e8s maintenant","potentialAction":[{"@type":"SearchAction","target":{"@type":"EntryPoint","urlTemplate":"https:\/\/antoine-ciosi.com\/?s={search_term_string}"},"query-input":"required name=search_term_string"}],"inLanguage":"fr-FR"},{"@type":"ImageObject","@id":"https:\/\/antoine-ciosi.com\/#primaryimage","inLanguage":"fr-FR","url":"https:\/\/i0.wp.com\/antoine-ciosi.com\/wp-content\/uploads\/2023\/11\/babbu3-scaled.jpg?fit=2560%2C2560&ssl=1","contentUrl":"https:\/\/i0.wp.com\/antoine-ciosi.com\/wp-content\/uploads\/2023\/11\/babbu3-scaled.jpg?fit=2560%2C2560&ssl=1","width":2560,"height":2560},{"@type":"WebPage","@id":"https:\/\/antoine-ciosi.com\/#webpage","url":"https:\/\/antoine-ciosi.com\/","name":"Nouvel Album: Babbu \u00e8 Figliolu - Antoine CIOSI","isPartOf":{"@id":"https:\/\/antoine-ciosi.com\/#website"},"primaryImageOfPage":{"@id":"https:\/\/antoine-ciosi.com\/#primaryimage"},"datePublished":"2020-09-01T09:55:30+00:00","dateModified":"2023-11-21T08:48:48+00:00","breadcrumb":{"@id":"https:\/\/antoine-ciosi.com\/#breadcrumb"},"inLanguage":"fr-FR","potentialAction":[{"@type":"ReadAction","target":["https:\/\/antoine-ciosi.com\/"]}]},{"@type":"BreadcrumbList","@id":"https:\/\/antoine-ciosi.com\/#breadcrumb","itemListElement":[{"@type":"ListItem","position":1,"name":"Accueil","item":"https:\/\/antoine-ciosi.com\/"},{"@type":"ListItem","position":2,"name":"Nouvel Album: Babbu \u00e8 Figliolu"}]}]}},"jetpack_sharing_enabled":true,"jetpack_shortlink":"https:\/\/wp.me\/P9DxBu-8l","_links":{"self":[{"href":"https:\/\/antoine-ciosi.com\/index.php\/wp-json\/wp\/v2\/pages\/517","targetHints":{"allow":["GET"]}}],"collection":[{"href":"https:\/\/antoine-ciosi.com\/index.php\/wp-json\/wp\/v2\/pages"}],"about":[{"href":"https:\/\/antoine-ciosi.com\/index.php\/wp-json\/wp\/v2\/types\/page"}],"author":[{"embeddable":true,"href":"https:\/\/antoine-ciosi.com\/index.php\/wp-json\/wp\/v2\/users\/1"}],"replies":[{"embeddable":true,"href":"https:\/\/antoine-ciosi.com\/index.php\/wp-json\/wp\/v2\/comments?post=517"}],"version-history":[{"count":14,"href":"https:\/\/antoine-ciosi.com\/index.php\/wp-json\/wp\/v2\/pages\/517\/revisions"}],"predecessor-version":[{"id":4075,"href":"https:\/\/antoine-ciosi.com\/index.php\/wp-json\/wp\/v2\/pages\/517\/revisions\/4075"}],"wp:featuredmedia":[{"embeddable":true,"href":"https:\/\/antoine-ciosi.com\/index.php\/wp-json\/wp\/v2\/media\/3978"}],"wp:attachment":[{"href":"https:\/\/antoine-ciosi.com\/index.php\/wp-json\/wp\/v2\/media?parent=517"}],"curies":[{"name":"wp","href":"https:\/\/api.w.org\/{rel}","templated":true}]}}