{"id":7,"date":"2018-02-06T22:33:28","date_gmt":"2018-02-06T21:33:28","guid":{"rendered":"http:\/\/antoine-ciosi.com\/?page_id=7"},"modified":"2022-12-09T00:32:01","modified_gmt":"2022-12-08T23:32:01","slug":"accueil","status":"publish","type":"page","link":"https:\/\/antoine-ciosi.com\/index.php\/accueil\/","title":{"rendered":"Accueil"},"content":{"rendered":"<p>Antoine Ciosi a consacr\u00e9 sa vie \u00e0 la sauvegarde et la continuit\u00e9 de la culture corse. En tant que chanteur, il a r\u00e9alis\u00e9 plus d\u2019une trentaine d\u2019albums, alternant chansons traditionnelles et compositions originales. \u00c9crivain, ses chroniques parlent de la vie quotidienne des villageois et des personnages mythiques dont la Corse abondait encore il y a quelques ann\u00e9es.<\/p>\n","protected":false},"excerpt":{"rendered":"<p>Antoine Ciosi a consacr\u00e9 sa vie \u00e0 la sauvegarde et la continuit\u00e9 de la culture corse. En tant que chanteur, il a r\u00e9alis\u00e9 plus d\u2019une trentaine d\u2019albums, alternant chansons traditionnelles et compositions originales. \u00c9crivain, ses chroniques parlent de la vie quotidienne des villageois et des personnages mythiques dont la Corse abondait encore il y a &hellip; <\/p>\n<p class=\"link-more\"><a href=\"https:\/\/antoine-ciosi.com\/index.php\/accueil\/\" class=\"more-link\">Continuer la lecture<span class=\"screen-reader-text\"> de &laquo;&nbsp;Accueil&nbsp;&raquo;<\/span><\/a><\/p>\n","protected":false},"author":1,"featured_media":2603,"parent":0,"menu_order":0,"comment_status":"closed","ping_status":"closed","template":"","meta":{"jetpack_post_was_ever_published":false,"footnotes":""},"class_list":["post-7","page","type-page","status-publish","has-post-thumbnail","hentry"],"yoast_head":"<!-- This site is optimized with the Yoast SEO plugin v16.7 - https:\/\/yoast.com\/wordpress\/plugins\/seo\/ -->\n<title>Accueil - Antoine CIOSI<\/title>\n<meta name=\"description\" content=\"Antoine Ciosi a consacr\u00e9 sa vie \u00e0 la sauvegarde et la continuit\u00e9 de la culture corse. Son histoire est ancr\u00e9e dans les paysages de la Corse.\" \/>\n<meta name=\"robots\" content=\"index, follow, max-snippet:-1, max-image-preview:large, max-video-preview:-1\" \/>\n<link rel=\"canonical\" href=\"https:\/\/antoine-ciosi.com\/index.php\/accueil\/\" \/>\n<meta property=\"og:locale\" content=\"fr_FR\" \/>\n<meta property=\"og:type\" content=\"article\" \/>\n<meta property=\"og:title\" content=\"Accueil - Antoine CIOSI\" \/>\n<meta property=\"og:description\" content=\"Antoine Ciosi a consacr\u00e9 sa vie \u00e0 la sauvegarde et la continuit\u00e9 de la culture corse. Son histoire est ancr\u00e9e dans les paysages de la Corse.\" \/>\n<meta property=\"og:url\" content=\"https:\/\/antoine-ciosi.com\/index.php\/accueil\/\" \/>\n<meta property=\"og:site_name\" content=\"Antoine CIOSI\" \/>\n<meta property=\"article:modified_time\" content=\"2022-12-08T23:32:01+00:00\" \/>\n<meta property=\"og:image\" content=\"http:\/\/antoine-ciosi.com\/wp-content\/uploads\/2022\/09\/Antoine-Ciosi6439.jpg\" \/>\n\t<meta property=\"og:image:width\" content=\"1500\" \/>\n\t<meta property=\"og:image:height\" content=\"1125\" \/>\n<meta name=\"twitter:card\" content=\"summary_large_image\" \/>\n<meta name=\"twitter:label1\" content=\"Dur\u00e9e de lecture est.\" \/>\n\t<meta name=\"twitter:data1\" content=\"1 minute\" \/>\n<script type=\"application\/ld+json\" class=\"yoast-schema-graph\">{\"@context\":\"https:\/\/schema.org\",\"@graph\":[{\"@type\":\"WebSite\",\"@id\":\"https:\/\/antoine-ciosi.com\/#website\",\"url\":\"https:\/\/antoine-ciosi.com\/\",\"name\":\"Antoine CIOSI\",\"description\":\"Nouvel Album - Babbu \\u00e8 Figliolu - En vente d\\u00e8s maintenant\",\"potentialAction\":[{\"@type\":\"SearchAction\",\"target\":{\"@type\":\"EntryPoint\",\"urlTemplate\":\"https:\/\/antoine-ciosi.com\/?s={search_term_string}\"},\"query-input\":\"required name=search_term_string\"}],\"inLanguage\":\"fr-FR\"},{\"@type\":\"ImageObject\",\"@id\":\"https:\/\/antoine-ciosi.com\/index.php\/accueil\/#primaryimage\",\"inLanguage\":\"fr-FR\",\"url\":\"https:\/\/i0.wp.com\/antoine-ciosi.com\/wp-content\/uploads\/2022\/09\/Antoine-Ciosi6439.jpg?fit=1500%2C1125&ssl=1\",\"contentUrl\":\"https:\/\/i0.wp.com\/antoine-ciosi.com\/wp-content\/uploads\/2022\/09\/Antoine-Ciosi6439.jpg?fit=1500%2C1125&ssl=1\",\"width\":1500,\"height\":1125},{\"@type\":\"WebPage\",\"@id\":\"https:\/\/antoine-ciosi.com\/index.php\/accueil\/#webpage\",\"url\":\"https:\/\/antoine-ciosi.com\/index.php\/accueil\/\",\"name\":\"Accueil - Antoine CIOSI\",\"isPartOf\":{\"@id\":\"https:\/\/antoine-ciosi.com\/#website\"},\"primaryImageOfPage\":{\"@id\":\"https:\/\/antoine-ciosi.com\/index.php\/accueil\/#primaryimage\"},\"datePublished\":\"2018-02-06T21:33:28+00:00\",\"dateModified\":\"2022-12-08T23:32:01+00:00\",\"description\":\"Antoine Ciosi a consacr\\u00e9 sa vie \\u00e0 la sauvegarde et la continuit\\u00e9 de la culture corse. Son histoire est ancr\\u00e9e dans les paysages de la Corse.\",\"breadcrumb\":{\"@id\":\"https:\/\/antoine-ciosi.com\/index.php\/accueil\/#breadcrumb\"},\"inLanguage\":\"fr-FR\",\"potentialAction\":[{\"@type\":\"ReadAction\",\"target\":[\"https:\/\/antoine-ciosi.com\/index.php\/accueil\/\"]}]},{\"@type\":\"BreadcrumbList\",\"@id\":\"https:\/\/antoine-ciosi.com\/index.php\/accueil\/#breadcrumb\",\"itemListElement\":[{\"@type\":\"ListItem\",\"position\":1,\"name\":\"Accueil\",\"item\":\"https:\/\/antoine-ciosi.com\/\"},{\"@type\":\"ListItem\",\"position\":2,\"name\":\"Accueil\"}]}]}<\/script>\n<!-- \/ Yoast SEO plugin. -->","yoast_head_json":{"title":"Accueil - Antoine CIOSI","description":"Antoine Ciosi a consacr\u00e9 sa vie \u00e0 la sauvegarde et la continuit\u00e9 de la culture corse. Son histoire est ancr\u00e9e dans les paysages de la Corse.","robots":{"index":"index","follow":"follow","max-snippet":"max-snippet:-1","max-image-preview":"max-image-preview:large","max-video-preview":"max-video-preview:-1"},"canonical":"https:\/\/antoine-ciosi.com\/index.php\/accueil\/","og_locale":"fr_FR","og_type":"article","og_title":"Accueil - Antoine CIOSI","og_description":"Antoine Ciosi a consacr\u00e9 sa vie \u00e0 la sauvegarde et la continuit\u00e9 de la culture corse. Son histoire est ancr\u00e9e dans les paysages de la Corse.","og_url":"https:\/\/antoine-ciosi.com\/index.php\/accueil\/","og_site_name":"Antoine CIOSI","article_modified_time":"2022-12-08T23:32:01+00:00","og_image":[{"width":1500,"height":1125,"filesize":1382573,"url":"http:\/\/antoine-ciosi.com\/wp-content\/uploads\/2022\/09\/Antoine-Ciosi6439.jpg","path":"\/home\/antoinectp\/www\/wp-content\/uploads\/2022\/09\/Antoine-Ciosi6439.jpg","size":"full","id":2603,"alt":"","pixels":1687500,"type":"image\/jpeg"}],"twitter_card":"summary_large_image","twitter_misc":{"Dur\u00e9e de lecture est.":"1 minute"},"schema":{"@context":"https:\/\/schema.org","@graph":[{"@type":"WebSite","@id":"https:\/\/antoine-ciosi.com\/#website","url":"https:\/\/antoine-ciosi.com\/","name":"Antoine CIOSI","description":"Nouvel Album - Babbu \u00e8 Figliolu - En vente d\u00e8s maintenant","potentialAction":[{"@type":"SearchAction","target":{"@type":"EntryPoint","urlTemplate":"https:\/\/antoine-ciosi.com\/?s={search_term_string}"},"query-input":"required name=search_term_string"}],"inLanguage":"fr-FR"},{"@type":"ImageObject","@id":"https:\/\/antoine-ciosi.com\/index.php\/accueil\/#primaryimage","inLanguage":"fr-FR","url":"https:\/\/i0.wp.com\/antoine-ciosi.com\/wp-content\/uploads\/2022\/09\/Antoine-Ciosi6439.jpg?fit=1500%2C1125&ssl=1","contentUrl":"https:\/\/i0.wp.com\/antoine-ciosi.com\/wp-content\/uploads\/2022\/09\/Antoine-Ciosi6439.jpg?fit=1500%2C1125&ssl=1","width":1500,"height":1125},{"@type":"WebPage","@id":"https:\/\/antoine-ciosi.com\/index.php\/accueil\/#webpage","url":"https:\/\/antoine-ciosi.com\/index.php\/accueil\/","name":"Accueil - Antoine CIOSI","isPartOf":{"@id":"https:\/\/antoine-ciosi.com\/#website"},"primaryImageOfPage":{"@id":"https:\/\/antoine-ciosi.com\/index.php\/accueil\/#primaryimage"},"datePublished":"2018-02-06T21:33:28+00:00","dateModified":"2022-12-08T23:32:01+00:00","description":"Antoine Ciosi a consacr\u00e9 sa vie \u00e0 la sauvegarde et la continuit\u00e9 de la culture corse. Son histoire est ancr\u00e9e dans les paysages de la Corse.","breadcrumb":{"@id":"https:\/\/antoine-ciosi.com\/index.php\/accueil\/#breadcrumb"},"inLanguage":"fr-FR","potentialAction":[{"@type":"ReadAction","target":["https:\/\/antoine-ciosi.com\/index.php\/accueil\/"]}]},{"@type":"BreadcrumbList","@id":"https:\/\/antoine-ciosi.com\/index.php\/accueil\/#breadcrumb","itemListElement":[{"@type":"ListItem","position":1,"name":"Accueil","item":"https:\/\/antoine-ciosi.com\/"},{"@type":"ListItem","position":2,"name":"Accueil"}]}]}},"jetpack_sharing_enabled":true,"jetpack_shortlink":"https:\/\/wp.me\/P9DxBu-7","_links":{"self":[{"href":"https:\/\/antoine-ciosi.com\/index.php\/wp-json\/wp\/v2\/pages\/7","targetHints":{"allow":["GET"]}}],"collection":[{"href":"https:\/\/antoine-ciosi.com\/index.php\/wp-json\/wp\/v2\/pages"}],"about":[{"href":"https:\/\/antoine-ciosi.com\/index.php\/wp-json\/wp\/v2\/types\/page"}],"author":[{"embeddable":true,"href":"https:\/\/antoine-ciosi.com\/index.php\/wp-json\/wp\/v2\/users\/1"}],"replies":[{"embeddable":true,"href":"https:\/\/antoine-ciosi.com\/index.php\/wp-json\/wp\/v2\/comments?post=7"}],"version-history":[{"count":3,"href":"https:\/\/antoine-ciosi.com\/index.php\/wp-json\/wp\/v2\/pages\/7\/revisions"}],"predecessor-version":[{"id":83,"href":"https:\/\/antoine-ciosi.com\/index.php\/wp-json\/wp\/v2\/pages\/7\/revisions\/83"}],"wp:featuredmedia":[{"embeddable":true,"href":"https:\/\/antoine-ciosi.com\/index.php\/wp-json\/wp\/v2\/media\/2603"}],"wp:attachment":[{"href":"https:\/\/antoine-ciosi.com\/index.php\/wp-json\/wp\/v2\/media?parent=7"}],"curies":[{"name":"wp","href":"https:\/\/api.w.org\/{rel}","templated":true}]}}