{"id":9,"date":"2018-02-06T22:33:28","date_gmt":"2018-02-06T21:33:28","guid":{"rendered":"http:\/\/antoine-ciosi.com\/?page_id=9"},"modified":"2018-02-07T04:22:29","modified_gmt":"2018-02-07T03:22:29","slug":"contact","status":"publish","type":"page","link":"https:\/\/antoine-ciosi.com\/index.php\/contact\/","title":{"rendered":"Contact"},"content":{"rendered":"<div data-test='contact-form'\n\t\t\tid='contact-form-9'\n\t\t\tclass='wp-block-jetpack-contact-form-container '\n\t\t\tdata-wp-interactive='jetpack\/form' data-wp-context='{\"formId\":\"9\",\"formHash\":\"d086d6f8900fdf03778680472fed9f11a241ff2b\",\"showErrors\":false,\"errors\":[],\"fields\":[],\"isMultiStep\":false,\"useAjax\":true,\"submissionData\":null,\"formattedSubmissionData\":[],\"submissionSuccess\":false,\"submissionError\":null,\"elementId\":\"jp-form-d086d6f8900fdf03778680472fed9f11a241ff2b\",\"isSingleInputForm\":false}'\n\t\t\tdata-wp-watch--scroll-to-wrapper=\"callbacks.scrollToWrapper\"\n\t\t>\n<div class=\"contact-form-submission contact-form-ajax-submission\" data-wp-class--submission-success=\"context.submissionSuccess\"><p class=\"go-back-message\"><a class=\"link\" role=\"button\" tabindex=\"0\" data-wp-on--click=\"actions.goBack\" href=\"\/index.php\/wp-json\/wp\/v2\/pages\/9\">Retour<\/a><\/p><h4 id=\"contact-form-success-header\">Votre message a \u00e9t\u00e9 envoy\u00e9<\/h4>\n\n<template data-wp-each--submission=\"context.formattedSubmissionData\">\n\t\t\t\t\t<div class=\"jetpack_forms_contact-form-success-summary\">\n\t\t\t\t\t\t<div class=\"field-name\" data-wp-text=\"context.submission.label\" data-wp-bind--hidden=\"!context.submission.label\"><\/div>\n\t\t\t\t\t\t<div class=\"field-value\" data-wp-text=\"context.submission.value\"><\/div>\n\t\t\t\t\t\t<div class=\"field-images\" data-wp-bind--hidden=\"!context.submission.images\">\n\t\t\t\t\t\t\t<template data-wp-each--image=\"context.submission.images\">\n\t\t\t\t\t\t\t\t<figure class=\"field-image\" data-wp-class--is-empty=\"!context.image\">\n\t\t\t\t\t\t\t\t\t<img data-wp-bind--src=\"context.image\" data-wp-bind--hidden=\"!context.image\" \/>\n\t\t\t\t\t\t\t\t\t<img decoding=\"async\" src=\"data:image\/gif;base64,R0lGODlhAQABAAD\/ACwAAAAAAQABAAACADs=\" data-wp-bind--hidden=\"context.image\" \/>\n\t\t\t\t\t\t\t\t<\/figure>\n\t\t\t\t\t\t\t<\/template>\n\t\t\t\t\t\t<\/div>\n\t\t\t\t\t<\/div>\n\t\t\t\t<\/template><\/div><form action='https:\/\/antoine-ciosi.com\/index.php\/contact\/'\n\t\t\t\tid='jp-form-d086d6f8900fdf03778680472fed9f11a241ff2b'\n\t\t\t\tmethod='post'\n\t\t\t\tclass='contact-form commentsblock' aria-label=\"Contact\"\n\t\t\t\tdata-wp-on--submit=\"actions.onFormSubmit\"\n\t\t\t\tdata-wp-on--reset=\"actions.onFormReset\"\n\t\t\t\tdata-wp-class--submission-success=\"context.submissionSuccess\"\n\t\t\t\tdata-wp-class--is-first-step=\"state.isFirstStep\"\n\t\t\t\tdata-wp-class--is-last-step=\"state.isLastStep\"\n\t\t\t\tdata-wp-class--is-ajax-form=\"context.useAjax\"\n\t\t\t\tnovalidate >\n<input type='hidden' name='jetpack_contact_form_jwt' value='eyJ0eXAiOiJKV1QiLCJhbGciOiJIUzI1NiJ9.eyJlbmNyeXB0ZWRfYXR0cmlidXRlcyI6IkpHdmtsMVdKMTdCQ3JOVFgxbjIxWEd5Mzk5TXJYM1JnZ2MrQ0VmMkN3YWZ4azhOM0dVeWloTXdCNjVsU2hlWDRZUmZ5Z1hzTkp3WDc3ZWJGSVFKVGRybGZDa2t3RTUvOFJ2YUJoMWNwSi9sZGRCT2QwY0hqSVcyRUZzSjlhZ0xsTW9HS0tGUlJrOFlxdVhDN3VNbEZSVFpza0N2czJSVEQ4VzA5dGlqKzMyYnErcDRyOEVLeXhqcE9Vdjd0cjY4Tjc1Z3FYaWVuMnR4bUxMNUVVTFlQanhydDFrM0tkMDBzS29ndEhKWmJUM1VqZ3ZjZlNMcUhHUFU2S3hDSUJNNEVCZW1PZVV2MldSMHA5MnByQnZsWCtoYUZsd2tOM2ZoLzVGSElzSThpOXFMbis3ZDNwTytZa0ZTMlRWY0dnTHhpaVhpcVF5dG5lL2pJSmJyMWVGQUlYMHJRd2VVWmt3NFl6aGFwb1hBdmJoeFB6SUI4aTNkNTBwKzNDVlQ5WXlhbmNxZUdnbW4zWWhScHJZRmZjKzVoM0hvQ3kxOWpvMXJnR3ZPNGhTODA2dGNEZm1oTmpkTysycWk3VGwxbDRaV0ZTdEE1THVJV2w0akwvcTI0cllJTGYrenBsYlBwQnJnSng4MXFlekovbWY4R1VuSzZFSW44Y0RWZ1N0emIyVTNmZjRSQUIwc1hFbGI3WXo2bGRUdHhQY2pRMDhDczRhSjFXdEw1NzRGSFpWN3RnYit1MGJHR2NocUJaTGVpVndXMFc4NkI2RmJ5V2g5UHhMZHk2b2xkeGZUV1hkY20vRXBmWksrVFpLcnRwKzBSaDh1MzhsZmFMV1VXUEtLdm53UDFib2JpalVIQTBOeERwc0RsS2Z1L2lkS0NHRElzcVZXeFRZZzVZT1dCMERZYW9xaElWTVdTMlQ4SkllbGlpWklWMklwOExWdUVESHp1clk2aXNpUW9XWkd1bTNrQUsydllYWG9MSEh0dWk1N0hCalZrTm9aeVFSakNZbDFMTkNVQVhkMTBON0RoaFplQTZpZkpZWUQ0TGtOQkpPNlBWcUxGTDFwUEhaNTd1dFF2eFdlQnJ5Q091aDFFK1I2ODRhMnlDT2JGRmNJRmx0MFlBWWZYRUFzS2Z4Nkk4eG92d2czVlN4eU1EdThXSEIzVkk5RXpDRXR0anI0PSIsImNvbnRlbnQiOiJbY29udGFjdC1maWVsZCBsYWJlbD1cIk5vbVwiIHR5cGU9XCJuYW1lXCIgcmVxdWlyZWQ9XCIxXCJdW2NvbnRhY3QtZmllbGQgbGFiZWw9XCJFLW1haWxcIiB0eXBlPVwiZW1haWxcIiByZXF1aXJlZD1cIjFcIl1bY29udGFjdC1maWVsZCBsYWJlbD1cIk1lc3NhZ2VcIiB0eXBlPVwidGV4dGFyZWFcIl0iLCJoYXNoIjoiZDA4NmQ2Zjg5MDBmZGYwMzc3ODY4MDQ3MmZlZDlmMTFhMjQxZmYyYiIsInNvdXJjZSI6eyJlbnRyeV90aXRsZSI6IkNvbnRhY3QiLCJlbnRyeV9wYWdlIjoxLCJzb3VyY2VfaWQiOjksInNvdXJjZV90eXBlIjoic2luZ2xlIiwicmVxdWVzdF91cmwiOiJodHRwczovL2FudG9pbmUtY2lvc2kuY29tL3dwLWpzb24vd3AvdjIvcGFnZXMvOSJ9LCJ2ZXJzaW9uIjoyLCJjaXBoZXIiOiJhZXMtMjU2LWdjbSJ9.ZwoQZhnZEhe-K6X_oJYYrwxAqaMwvTyGUGn5YUXGkLA' \/>\n\n<div style=\"\"  data-wp-interactive=\"jetpack\/form\" data-wp-context='{\"fieldId\":\"g9-nom\",\"fieldType\":\"name\",\"fieldLabel\":\"Nom\",\"fieldValue\":\"\",\"fieldPlaceholder\":\"\",\"fieldIsRequired\":\"1\",\"fieldErrorMessage\":\"\",\"fieldExtra\":[],\"formHash\":\"d086d6f8900fdf03778680472fed9f11a241ff2b\"}'  class='grunion-field-name-wrap grunion-field-wrap'  data-wp-init='callbacks.initializeField' data-wp-on--jetpack-form-reset='callbacks.initializeField' >\n<label\n\t\t\t\tfor='g9-nom' class=\"grunion-field-label name\" >Nom<span class=\"grunion-label-required\" aria-hidden=\"true\">(obligatoire)<\/span><\/label>\n<input\n\t\t\t\t\ttype='text'\n\t\t\t\t\tname='g9-nom'\n\t\t\t\t\tid='g9-nom'\n\t\t\t\t\tvalue=''\n\n\t\t\t\t\tdata-wp-bind--aria-invalid='state.fieldHasErrors'\n\t\t\t\t\tdata-wp-bind--value='state.getFieldValue'\n\t\t\t\t\taria-errormessage='g9-nom-text-error-message'\n\t\t\t\t\tdata-wp-on--input='actions.onFieldChange'\n\t\t\t\t\tdata-wp-on--blur='actions.onFieldBlur'\n\t\t\t\t\tdata-wp-class--has-value='state.hasFieldValue'\n\n\t\t\t\t\tclass='name  grunion-field' \n\t\t\t\t\trequired='true' aria-required='true'  \/>\n \n\t\t\t<div id=\"g9-nom-text-error\" class=\"contact-form__input-error\" data-wp-class--has-errors=\"state.fieldHasErrors\">\n\t\t\t\t<span class=\"contact-form__warning-icon\">\n\t\t\t\t\t<svg width=\"16\" height=\"16\" viewBox=\"0 0 16 16\" fill=\"none\" xmlns=\"http:\/\/www.w3.org\/2000\/svg\">\n\t\t\t\t\t\t<path d=\"M8.50015 11.6402H7.50015V10.6402H8.50015V11.6402Z\" \/>\n\t\t\t\t\t\t<path d=\"M7.50015 9.64018H8.50015V6.30684H7.50015V9.64018Z\" \/>\n\t\t\t\t\t\t<path fill-rule=\"evenodd\" clip-rule=\"evenodd\" d=\"M6.98331 3.0947C7.42933 2.30177 8.57096 2.30177 9.01698 3.09469L13.8771 11.7349C14.3145 12.5126 13.7525 13.4735 12.8602 13.4735H3.14004C2.24774 13.4735 1.68575 12.5126 2.12321 11.7349L6.98331 3.0947ZM8.14541 3.58496C8.08169 3.47168 7.9186 3.47168 7.85488 3.58496L2.99478 12.2251C2.93229 12.3362 3.01257 12.4735 3.14004 12.4735H12.8602C12.9877 12.4735 13.068 12.3362 13.0055 12.2251L8.14541 3.58496Z\" \/>\n\t\t\t\t\t<\/svg>\n\t\t\t\t\t<span class=\"visually-hidden\">Attention<\/span>\n\t\t\t\t<\/span>\n\t\t\t\t<span data-wp-text=\"state.errorMessage\" id=\"g9-nom-text-error-message\" role=\"alert\" aria-live=\"assertive\"><\/span>\n\t\t\t<\/div> \n\t<\/div>\n\n<div style=\"\"  data-wp-interactive=\"jetpack\/form\" data-wp-context='{\"fieldId\":\"g9-email\",\"fieldType\":\"email\",\"fieldLabel\":\"E-mail\",\"fieldValue\":\"\",\"fieldPlaceholder\":\"\",\"fieldIsRequired\":\"1\",\"fieldErrorMessage\":\"\",\"fieldExtra\":[],\"formHash\":\"d086d6f8900fdf03778680472fed9f11a241ff2b\"}'  class='grunion-field-email-wrap grunion-field-wrap'  data-wp-init='callbacks.initializeField' data-wp-on--jetpack-form-reset='callbacks.initializeField' >\n<label\n\t\t\t\tfor='g9-email' class=\"grunion-field-label email\" >E-mail<span class=\"grunion-label-required\" aria-hidden=\"true\">(obligatoire)<\/span><\/label>\n<input\n\t\t\t\t\ttype='email'\n\t\t\t\t\tname='g9-email'\n\t\t\t\t\tid='g9-email'\n\t\t\t\t\tvalue=''\n\n\t\t\t\t\tdata-wp-bind--aria-invalid='state.fieldHasErrors'\n\t\t\t\t\tdata-wp-bind--value='state.getFieldValue'\n\t\t\t\t\taria-errormessage='g9-email-email-error-message'\n\t\t\t\t\tdata-wp-on--input='actions.onFieldChange'\n\t\t\t\t\tdata-wp-on--blur='actions.onFieldBlur'\n\t\t\t\t\tdata-wp-class--has-value='state.hasFieldValue'\n\n\t\t\t\t\tclass='email  grunion-field' \n\t\t\t\t\trequired='true' aria-required='true'  \/>\n \n\t\t\t<div id=\"g9-email-email-error\" class=\"contact-form__input-error\" data-wp-class--has-errors=\"state.fieldHasErrors\">\n\t\t\t\t<span class=\"contact-form__warning-icon\">\n\t\t\t\t\t<svg width=\"16\" height=\"16\" viewBox=\"0 0 16 16\" fill=\"none\" xmlns=\"http:\/\/www.w3.org\/2000\/svg\">\n\t\t\t\t\t\t<path d=\"M8.50015 11.6402H7.50015V10.6402H8.50015V11.6402Z\" \/>\n\t\t\t\t\t\t<path d=\"M7.50015 9.64018H8.50015V6.30684H7.50015V9.64018Z\" \/>\n\t\t\t\t\t\t<path fill-rule=\"evenodd\" clip-rule=\"evenodd\" d=\"M6.98331 3.0947C7.42933 2.30177 8.57096 2.30177 9.01698 3.09469L13.8771 11.7349C14.3145 12.5126 13.7525 13.4735 12.8602 13.4735H3.14004C2.24774 13.4735 1.68575 12.5126 2.12321 11.7349L6.98331 3.0947ZM8.14541 3.58496C8.08169 3.47168 7.9186 3.47168 7.85488 3.58496L2.99478 12.2251C2.93229 12.3362 3.01257 12.4735 3.14004 12.4735H12.8602C12.9877 12.4735 13.068 12.3362 13.0055 12.2251L8.14541 3.58496Z\" \/>\n\t\t\t\t\t<\/svg>\n\t\t\t\t\t<span class=\"visually-hidden\">Attention<\/span>\n\t\t\t\t<\/span>\n\t\t\t\t<span data-wp-text=\"state.errorMessage\" id=\"g9-email-email-error-message\" role=\"alert\" aria-live=\"assertive\"><\/span>\n\t\t\t<\/div> \n\t<\/div>\n\n<div style=\"\"  data-wp-interactive=\"jetpack\/form\" data-wp-context='{\"fieldId\":\"g9-message\",\"fieldType\":\"textarea\",\"fieldLabel\":\"Message\",\"fieldValue\":\"\",\"fieldPlaceholder\":\"\",\"fieldIsRequired\":\"\",\"fieldErrorMessage\":\"\",\"fieldExtra\":[],\"formHash\":\"d086d6f8900fdf03778680472fed9f11a241ff2b\"}'  class='grunion-field-textarea-wrap grunion-field-wrap'  data-wp-init='callbacks.initializeField' data-wp-on--jetpack-form-reset='callbacks.initializeField' >\n<label\n\t\t\t\tfor='contact-form-comment-g9-message' class=\"grunion-field-label textarea\" >Message<\/label>\n<textarea\n\t\t                style=''\n\t\t                name='g9-message'\n\t\t                id='contact-form-comment-g9-message'\n\t\t                rows='20'\n\t\t\t\t\t\tdata-wp-text='state.getFieldValue'\n\t\t\t\t\t\tdata-wp-on--input='actions.onFieldChange'\n\t\t\t\t\t\tdata-wp-on--blur='actions.onFieldBlur'\n\t\t\t\t\t\tdata-wp-class--has-value='state.hasFieldValue'\n\t\t\t\t\t\tdata-wp-bind--aria-invalid='state.fieldHasErrors'\n\t\t\t\t\t\taria-errormessage='g9-message-textarea-error-message'\n\t\t\t\t\t\tclass='textarea  grunion-field'  ><\/textarea>\n \n\t\t\t<div id=\"g9-message-textarea-error\" class=\"contact-form__input-error\" data-wp-class--has-errors=\"state.fieldHasErrors\">\n\t\t\t\t<span class=\"contact-form__warning-icon\">\n\t\t\t\t\t<svg width=\"16\" height=\"16\" viewBox=\"0 0 16 16\" fill=\"none\" xmlns=\"http:\/\/www.w3.org\/2000\/svg\">\n\t\t\t\t\t\t<path d=\"M8.50015 11.6402H7.50015V10.6402H8.50015V11.6402Z\" \/>\n\t\t\t\t\t\t<path d=\"M7.50015 9.64018H8.50015V6.30684H7.50015V9.64018Z\" \/>\n\t\t\t\t\t\t<path fill-rule=\"evenodd\" clip-rule=\"evenodd\" d=\"M6.98331 3.0947C7.42933 2.30177 8.57096 2.30177 9.01698 3.09469L13.8771 11.7349C14.3145 12.5126 13.7525 13.4735 12.8602 13.4735H3.14004C2.24774 13.4735 1.68575 12.5126 2.12321 11.7349L6.98331 3.0947ZM8.14541 3.58496C8.08169 3.47168 7.9186 3.47168 7.85488 3.58496L2.99478 12.2251C2.93229 12.3362 3.01257 12.4735 3.14004 12.4735H12.8602C12.9877 12.4735 13.068 12.3362 13.0055 12.2251L8.14541 3.58496Z\" \/>\n\t\t\t\t\t<\/svg>\n\t\t\t\t\t<span class=\"visually-hidden\">Attention<\/span>\n\t\t\t\t<\/span>\n\t\t\t\t<span data-wp-text=\"state.errorMessage\" id=\"g9-message-textarea-error-message\" role=\"alert\" aria-live=\"assertive\"><\/span>\n\t\t\t<\/div>\n\t<\/div>\n\t<p class='contact-submit'>\n<div class=\"contact-form__error\" data-wp-class--show-errors=\"state.showFormErrors\"><span class=\"contact-form__warning-icon\"><span class=\"visually-hidden\">Attention.<\/span><i aria-hidden=\"true\"><\/i><\/span>\n\t\t\t\t<span data-wp-text=\"state.getFormErrorMessage\"><\/span>\n\t\t\t\t<ul>\n\t\t\t\t<template data-wp-each=\"state.getErrorList\" data-wp-key=\"context.item.id\">\n\t\t\t\t\t<li><a data-wp-bind--href=\"context.item.anchor\" data-wp-on--click=\"actions.scrollIntoView\" data-wp-text=\"context.item.label\"><\/a><\/li>\n\t\t\t\t<\/template>\n\t\t\t\t<\/ul><\/div><div class=\"contact-form__error\" data-wp-class--show-errors=\"state.showSubmissionError\" data-wp-text=\"context.submissionError\"><\/div>\t\t<button type='submit' class='pushbutton-wide'>Envoyer<\/button>\t\t<input type='hidden' name='contact-form-id' value='9' \/>\n\t\t<input type='hidden' name='action' value='grunion-contact-form' \/>\n\t\t<input type='hidden' name='contact-form-hash' value='d086d6f8900fdf03778680472fed9f11a241ff2b' \/>\n\t<\/p>\n<p style=\"display: none !important;\" class=\"akismet-fields-container\" data-prefix=\"ak_\"><label>&#916;<textarea name=\"ak_hp_textarea\" cols=\"45\" rows=\"8\" maxlength=\"100\"><\/textarea><\/label><input type=\"hidden\" id=\"ak_js_1\" name=\"ak_js\" value=\"217\"\/><script>document.getElementById( \"ak_js_1\" ).setAttribute( \"value\", ( new Date() ).getTime() );<\/script><\/p><\/form>\n<\/div>\n<p>Pour toute information, merci de contacter Okidjo Productions, 31 rue Victor Hugo \u00e0 Courbevoie.<\/p>\n<p>info(@)okidjo.com<\/p>\n","protected":false},"excerpt":{"rendered":"<p>Pour toute information, merci de contacter Okidjo Productions, 31 rue Victor Hugo \u00e0 Courbevoie. info(@)okidjo.com<\/p>\n","protected":false},"author":1,"featured_media":73,"parent":0,"menu_order":5,"comment_status":"closed","ping_status":"closed","template":"","meta":{"jetpack_post_was_ever_published":false,"footnotes":""},"class_list":["post-9","page","type-page","status-publish","has-post-thumbnail","hentry"],"yoast_head":"<!-- This site is optimized with the Yoast SEO plugin v16.7 - https:\/\/yoast.com\/wordpress\/plugins\/seo\/ -->\n<title>Contact - Antoine CIOSI<\/title>\n<meta name=\"robots\" content=\"index, follow, max-snippet:-1, max-image-preview:large, max-video-preview:-1\" \/>\n<link rel=\"canonical\" href=\"https:\/\/antoine-ciosi.com\/index.php\/contact\/\" \/>\n<meta property=\"og:locale\" content=\"fr_FR\" \/>\n<meta property=\"og:type\" content=\"article\" \/>\n<meta property=\"og:title\" content=\"Contact - Antoine CIOSI\" \/>\n<meta property=\"og:description\" content=\"Pour toute information, merci de contacter Okidjo Productions, 31 rue Victor Hugo \u00e0 Courbevoie. info(@)okidjo.com\" \/>\n<meta property=\"og:url\" content=\"https:\/\/antoine-ciosi.com\/index.php\/contact\/\" \/>\n<meta property=\"og:site_name\" content=\"Antoine CIOSI\" \/>\n<meta property=\"article:modified_time\" content=\"2018-02-07T03:22:29+00:00\" \/>\n<meta property=\"og:image\" content=\"https:\/\/i0.wp.com\/antoine-ciosi.com\/wp-content\/uploads\/2018\/02\/ciosis.jpg?fit=2000%2C1200&#038;ssl=1\" \/>\n\t<meta property=\"og:image:width\" content=\"2000\" \/>\n\t<meta property=\"og:image:height\" content=\"1200\" \/>\n<meta name=\"twitter:card\" content=\"summary_large_image\" \/>\n<script type=\"application\/ld+json\" class=\"yoast-schema-graph\">{\"@context\":\"https:\/\/schema.org\",\"@graph\":[{\"@type\":\"WebSite\",\"@id\":\"https:\/\/antoine-ciosi.com\/#website\",\"url\":\"https:\/\/antoine-ciosi.com\/\",\"name\":\"Antoine CIOSI\",\"description\":\"Nouvel Album - Babbu \\u00e8 Figliolu - En vente d\\u00e8s maintenant\",\"potentialAction\":[{\"@type\":\"SearchAction\",\"target\":{\"@type\":\"EntryPoint\",\"urlTemplate\":\"https:\/\/antoine-ciosi.com\/?s={search_term_string}\"},\"query-input\":\"required name=search_term_string\"}],\"inLanguage\":\"fr-FR\"},{\"@type\":\"ImageObject\",\"@id\":\"https:\/\/antoine-ciosi.com\/index.php\/contact\/#primaryimage\",\"inLanguage\":\"fr-FR\",\"url\":\"https:\/\/i0.wp.com\/antoine-ciosi.com\/wp-content\/uploads\/2018\/02\/ciosis.jpg?fit=2000%2C1200&ssl=1\",\"contentUrl\":\"https:\/\/i0.wp.com\/antoine-ciosi.com\/wp-content\/uploads\/2018\/02\/ciosis.jpg?fit=2000%2C1200&ssl=1\",\"width\":2000,\"height\":1200},{\"@type\":\"WebPage\",\"@id\":\"https:\/\/antoine-ciosi.com\/index.php\/contact\/#webpage\",\"url\":\"https:\/\/antoine-ciosi.com\/index.php\/contact\/\",\"name\":\"Contact - Antoine CIOSI\",\"isPartOf\":{\"@id\":\"https:\/\/antoine-ciosi.com\/#website\"},\"primaryImageOfPage\":{\"@id\":\"https:\/\/antoine-ciosi.com\/index.php\/contact\/#primaryimage\"},\"datePublished\":\"2018-02-06T21:33:28+00:00\",\"dateModified\":\"2018-02-07T03:22:29+00:00\",\"breadcrumb\":{\"@id\":\"https:\/\/antoine-ciosi.com\/index.php\/contact\/#breadcrumb\"},\"inLanguage\":\"fr-FR\",\"potentialAction\":[{\"@type\":\"ReadAction\",\"target\":[\"https:\/\/antoine-ciosi.com\/index.php\/contact\/\"]}]},{\"@type\":\"BreadcrumbList\",\"@id\":\"https:\/\/antoine-ciosi.com\/index.php\/contact\/#breadcrumb\",\"itemListElement\":[{\"@type\":\"ListItem\",\"position\":1,\"name\":\"Accueil\",\"item\":\"https:\/\/antoine-ciosi.com\/\"},{\"@type\":\"ListItem\",\"position\":2,\"name\":\"Contact\"}]}]}<\/script>\n<!-- \/ Yoast SEO plugin. -->","yoast_head_json":{"title":"Contact - Antoine CIOSI","robots":{"index":"index","follow":"follow","max-snippet":"max-snippet:-1","max-image-preview":"max-image-preview:large","max-video-preview":"max-video-preview:-1"},"canonical":"https:\/\/antoine-ciosi.com\/index.php\/contact\/","og_locale":"fr_FR","og_type":"article","og_title":"Contact - Antoine CIOSI","og_description":"Pour toute information, merci de contacter Okidjo Productions, 31 rue Victor Hugo \u00e0 Courbevoie. info(@)okidjo.com","og_url":"https:\/\/antoine-ciosi.com\/index.php\/contact\/","og_site_name":"Antoine CIOSI","article_modified_time":"2018-02-07T03:22:29+00:00","og_image":[{"width":2000,"height":1200,"url":"https:\/\/i0.wp.com\/antoine-ciosi.com\/wp-content\/uploads\/2018\/02\/ciosis.jpg?fit=2000%2C1200&ssl=1","path":"\/home\/antoinectp\/www\/wp-content\/uploads\/2018\/02\/ciosis.jpg","size":"full","id":73,"alt":"","pixels":2400000,"type":"image\/jpeg"}],"twitter_card":"summary_large_image","schema":{"@context":"https:\/\/schema.org","@graph":[{"@type":"WebSite","@id":"https:\/\/antoine-ciosi.com\/#website","url":"https:\/\/antoine-ciosi.com\/","name":"Antoine CIOSI","description":"Nouvel Album - Babbu \u00e8 Figliolu - En vente d\u00e8s maintenant","potentialAction":[{"@type":"SearchAction","target":{"@type":"EntryPoint","urlTemplate":"https:\/\/antoine-ciosi.com\/?s={search_term_string}"},"query-input":"required name=search_term_string"}],"inLanguage":"fr-FR"},{"@type":"ImageObject","@id":"https:\/\/antoine-ciosi.com\/index.php\/contact\/#primaryimage","inLanguage":"fr-FR","url":"https:\/\/i0.wp.com\/antoine-ciosi.com\/wp-content\/uploads\/2018\/02\/ciosis.jpg?fit=2000%2C1200&ssl=1","contentUrl":"https:\/\/i0.wp.com\/antoine-ciosi.com\/wp-content\/uploads\/2018\/02\/ciosis.jpg?fit=2000%2C1200&ssl=1","width":2000,"height":1200},{"@type":"WebPage","@id":"https:\/\/antoine-ciosi.com\/index.php\/contact\/#webpage","url":"https:\/\/antoine-ciosi.com\/index.php\/contact\/","name":"Contact - Antoine CIOSI","isPartOf":{"@id":"https:\/\/antoine-ciosi.com\/#website"},"primaryImageOfPage":{"@id":"https:\/\/antoine-ciosi.com\/index.php\/contact\/#primaryimage"},"datePublished":"2018-02-06T21:33:28+00:00","dateModified":"2018-02-07T03:22:29+00:00","breadcrumb":{"@id":"https:\/\/antoine-ciosi.com\/index.php\/contact\/#breadcrumb"},"inLanguage":"fr-FR","potentialAction":[{"@type":"ReadAction","target":["https:\/\/antoine-ciosi.com\/index.php\/contact\/"]}]},{"@type":"BreadcrumbList","@id":"https:\/\/antoine-ciosi.com\/index.php\/contact\/#breadcrumb","itemListElement":[{"@type":"ListItem","position":1,"name":"Accueil","item":"https:\/\/antoine-ciosi.com\/"},{"@type":"ListItem","position":2,"name":"Contact"}]}]}},"jetpack_sharing_enabled":true,"jetpack_shortlink":"https:\/\/wp.me\/P9DxBu-9","_links":{"self":[{"href":"https:\/\/antoine-ciosi.com\/index.php\/wp-json\/wp\/v2\/pages\/9","targetHints":{"allow":["GET"]}}],"collection":[{"href":"https:\/\/antoine-ciosi.com\/index.php\/wp-json\/wp\/v2\/pages"}],"about":[{"href":"https:\/\/antoine-ciosi.com\/index.php\/wp-json\/wp\/v2\/types\/page"}],"author":[{"embeddable":true,"href":"https:\/\/antoine-ciosi.com\/index.php\/wp-json\/wp\/v2\/users\/1"}],"replies":[{"embeddable":true,"href":"https:\/\/antoine-ciosi.com\/index.php\/wp-json\/wp\/v2\/comments?post=9"}],"version-history":[{"count":4,"href":"https:\/\/antoine-ciosi.com\/index.php\/wp-json\/wp\/v2\/pages\/9\/revisions"}],"predecessor-version":[{"id":174,"href":"https:\/\/antoine-ciosi.com\/index.php\/wp-json\/wp\/v2\/pages\/9\/revisions\/174"}],"wp:featuredmedia":[{"embeddable":true,"href":"https:\/\/antoine-ciosi.com\/index.php\/wp-json\/wp\/v2\/media\/73"}],"wp:attachment":[{"href":"https:\/\/antoine-ciosi.com\/index.php\/wp-json\/wp\/v2\/media?parent=9"}],"curies":[{"name":"wp","href":"https:\/\/api.w.org\/{rel}","templated":true}]}}