{"id":3977,"date":"2023-11-09T19:55:28","date_gmt":"2023-11-09T18:55:28","guid":{"rendered":"https:\/\/antoine-ciosi.com\/?post_type=product&#038;p=3977"},"modified":"2026-04-16T00:56:21","modified_gmt":"2026-04-15T22:56:21","slug":"album-babbu-e-figliolu","status":"publish","type":"product","link":"https:\/\/antoine-ciosi.com\/index.php\/produit\/album-babbu-e-figliolu\/","title":{"rendered":"Album \u00ab\u00a0Babbu \u00e8 Figliolu\u00a0\u00bb"},"content":{"rendered":"<p>Antoine et son fils J\u00e9r\u00f4me ont enregistr\u00e9 ensemble cet album intimiste. Port\u00e9 par la voix chaleureuse et envoutante d&rsquo;Antoine sublim\u00e9e par les harmonies raffin\u00e9es de J\u00e9r\u00f4me, \u00ab\u00a0babu \u00e8 Figliolu\u00a0\u00bb aborde un r\u00e9pertoire \u00e9pur\u00e9 qui magnifie le verbe et la po\u00e9sie en langue corse et fran\u00e7aise.<\/p>\n<p>Vous trouverez dans ce disque plusieurs cr\u00e9ations \u00ab\u00a0familiales\u00a0\u00bb, paroles et musiques, des chansons originales d\u2019Antoine Ciosi, sur des textes de Ghjuvan Teramu Rocchi en Corse notamment et Raymond Mamoudy en Fran\u00e7ais, enti\u00e8rement revisit\u00e9es au regard de cette nouvelle collaboration.<\/p>\n<p>En voici quelques extraits:<br \/>\n<strong>Casa Paterna<\/strong><br \/>\n<!--[if lt IE 9]><script>document.createElement('audio');<\/script><![endif]-->\n<audio class=\"wp-audio-shortcode\" id=\"audio-3977-1\" preload=\"none\" style=\"width: 100%;\" controls=\"controls\"><source type=\"audio\/mpeg\" src=\"http:\/\/antoine-ciosi.com\/wp-content\/uploads\/2023\/11\/CASA-P.-EXTRAIT.mp3?_=1\" \/><a href=\"http:\/\/antoine-ciosi.com\/wp-content\/uploads\/2023\/11\/CASA-P.-EXTRAIT.mp3\">http:\/\/antoine-ciosi.com\/wp-content\/uploads\/2023\/11\/CASA-P.-EXTRAIT.mp3<\/a><\/audio><br \/>\n<strong>M\u00e9diterran\u00e9e<\/strong><br \/>\n<audio class=\"wp-audio-shortcode\" id=\"audio-3977-2\" preload=\"none\" style=\"width: 100%;\" controls=\"controls\"><source type=\"audio\/mpeg\" src=\"http:\/\/antoine-ciosi.com\/wp-content\/uploads\/2023\/11\/MEDIT.-EXTRAIT.mp3?_=2\" \/><a href=\"http:\/\/antoine-ciosi.com\/wp-content\/uploads\/2023\/11\/MEDIT.-EXTRAIT.mp3\">http:\/\/antoine-ciosi.com\/wp-content\/uploads\/2023\/11\/MEDIT.-EXTRAIT.mp3<\/a><\/audio><br \/>\n<strong>Neva Nant&rsquo;\u00e0 U Monte Cintu<\/strong><br \/>\n<audio class=\"wp-audio-shortcode\" id=\"audio-3977-3\" preload=\"none\" style=\"width: 100%;\" controls=\"controls\"><source type=\"audio\/mpeg\" src=\"http:\/\/antoine-ciosi.com\/wp-content\/uploads\/2023\/11\/MONTE-CINTU-EXTRAIT.mp3?_=3\" \/><a href=\"http:\/\/antoine-ciosi.com\/wp-content\/uploads\/2023\/11\/MONTE-CINTU-EXTRAIT.mp3\">http:\/\/antoine-ciosi.com\/wp-content\/uploads\/2023\/11\/MONTE-CINTU-EXTRAIT.mp3<\/a><\/audio><br \/>\n<strong>Manuellu<\/strong><br \/>\n<audio class=\"wp-audio-shortcode\" id=\"audio-3977-4\" preload=\"none\" style=\"width: 100%;\" controls=\"controls\"><source type=\"audio\/mpeg\" src=\"http:\/\/antoine-ciosi.com\/wp-content\/uploads\/2023\/11\/MANUELLU-EXTRAIT.mp3?_=4\" \/><a href=\"http:\/\/antoine-ciosi.com\/wp-content\/uploads\/2023\/11\/MANUELLU-EXTRAIT.mp3\">http:\/\/antoine-ciosi.com\/wp-content\/uploads\/2023\/11\/MANUELLU-EXTRAIT.mp3<\/a><\/audio><br \/>\n<strong>Veni \u00e0 Pus\u00e0<\/strong><br \/>\n<audio class=\"wp-audio-shortcode\" id=\"audio-3977-5\" preload=\"none\" style=\"width: 100%;\" controls=\"controls\"><source type=\"audio\/mpeg\" src=\"http:\/\/antoine-ciosi.com\/wp-content\/uploads\/2023\/11\/VENI-A-PUSA-EXTRAIT.mp3?_=5\" \/><a href=\"http:\/\/antoine-ciosi.com\/wp-content\/uploads\/2023\/11\/VENI-A-PUSA-EXTRAIT.mp3\">http:\/\/antoine-ciosi.com\/wp-content\/uploads\/2023\/11\/VENI-A-PUSA-EXTRAIT.mp3<\/a><\/audio><\/p>\n","protected":false},"excerpt":{"rendered":"<p><strong>PRE-COMMANDE<\/strong><br \/>\n(Livraison d\u00e9but d\u00e9c 23)<br \/>\n<strong>Nouvel album P\u00e8re et fils en toute intimit\u00e9.<\/strong><br \/>\nGuitare et voix sur un r\u00e9pertoire \u00e9pur\u00e9 qui magnifie le verbe et la po\u00e9sie en langue corse et fran\u00e7aise.<br \/>\nExtraits ci-dessous<\/p>\n","protected":false},"featured_media":3978,"comment_status":"open","ping_status":"closed","template":"","meta":{"jetpack_post_was_ever_published":false,"jetpack_publicize_message":"","jetpack_publicize_feature_enabled":true,"jetpack_social_post_already_shared":true,"jetpack_social_options":{"image_generator_settings":{"template":"highway","default_image_id":0,"font":"","enabled":false},"version":2}},"product_brand":[],"product_cat":[21],"product_tag":[],"class_list":{"0":"post-3977","1":"product","2":"type-product","3":"status-publish","4":"has-post-thumbnail","6":"product_cat-album","8":"first","9":"instock","10":"shipping-taxable","11":"purchasable","12":"product-type-simple"},"yoast_head":"<!-- This site is optimized with the Yoast SEO plugin v16.7 - https:\/\/yoast.com\/wordpress\/plugins\/seo\/ -->\n<title>Album &quot;Babbu \u00e8 Figliolu&quot; - Antoine CIOSI<\/title>\n<meta name=\"description\" content=\"Port\u00e9 par la voix chaleureuse et envoutante d&#039;Antoine Ciosi, sublim\u00e9e par les harmonies raffin\u00e9es de J\u00e9r\u00f4me, &quot;babu \u00e8 Figliolu&quot; aborde un r\u00e9pertoire \u00e9pur\u00e9 qui magnifie le verbe et la po\u00e9sie en langue corse et fran\u00e7aise.\" \/>\n<meta name=\"robots\" content=\"index, follow, max-snippet:-1, max-image-preview:large, max-video-preview:-1\" \/>\n<link rel=\"canonical\" href=\"https:\/\/antoine-ciosi.com\/index.php\/produit\/album-babbu-e-figliolu\/\" \/>\n<meta property=\"og:locale\" content=\"fr_FR\" \/>\n<meta property=\"og:type\" content=\"article\" \/>\n<meta property=\"og:title\" content=\"Album &quot;Babbu \u00e8 Figliolu&quot; - Antoine CIOSI\" \/>\n<meta property=\"og:description\" content=\"Port\u00e9 par la voix chaleureuse et envoutante d&#039;Antoine Ciosi, sublim\u00e9e par les harmonies raffin\u00e9es de J\u00e9r\u00f4me, &quot;babu \u00e8 Figliolu&quot; aborde un r\u00e9pertoire \u00e9pur\u00e9 qui magnifie le verbe et la po\u00e9sie en langue corse et fran\u00e7aise.\" \/>\n<meta property=\"og:url\" content=\"https:\/\/antoine-ciosi.com\/index.php\/produit\/album-babbu-e-figliolu\/\" \/>\n<meta property=\"og:site_name\" content=\"Antoine CIOSI\" \/>\n<meta property=\"article:modified_time\" content=\"2026-04-15T22:56:21+00:00\" \/>\n<meta property=\"og:image\" content=\"http:\/\/antoine-ciosi.com\/wp-content\/uploads\/2023\/11\/babbu3-scaled.jpg\" \/>\n\t<meta property=\"og:image:width\" content=\"2560\" \/>\n\t<meta property=\"og:image:height\" content=\"2560\" \/>\n<meta name=\"twitter:card\" content=\"summary_large_image\" \/>\n<meta name=\"twitter:label1\" content=\"Dur\u00e9e de lecture est.\" \/>\n\t<meta name=\"twitter:data1\" content=\"1 minute\" \/>\n<script type=\"application\/ld+json\" class=\"yoast-schema-graph\">{\"@context\":\"https:\/\/schema.org\",\"@graph\":[{\"@type\":\"WebSite\",\"@id\":\"https:\/\/antoine-ciosi.com\/#website\",\"url\":\"https:\/\/antoine-ciosi.com\/\",\"name\":\"Antoine CIOSI\",\"description\":\"Nouvel Album - Babbu \\u00e8 Figliolu - En vente d\\u00e8s maintenant\",\"potentialAction\":[{\"@type\":\"SearchAction\",\"target\":{\"@type\":\"EntryPoint\",\"urlTemplate\":\"https:\/\/antoine-ciosi.com\/?s={search_term_string}\"},\"query-input\":\"required name=search_term_string\"}],\"inLanguage\":\"fr-FR\"},{\"@type\":\"ImageObject\",\"@id\":\"https:\/\/antoine-ciosi.com\/index.php\/produit\/album-babbu-e-figliolu\/#primaryimage\",\"inLanguage\":\"fr-FR\",\"url\":\"https:\/\/i0.wp.com\/antoine-ciosi.com\/wp-content\/uploads\/2023\/11\/babbu3-scaled.jpg?fit=2560%2C2560&ssl=1\",\"contentUrl\":\"https:\/\/i0.wp.com\/antoine-ciosi.com\/wp-content\/uploads\/2023\/11\/babbu3-scaled.jpg?fit=2560%2C2560&ssl=1\",\"width\":2560,\"height\":2560},{\"@type\":\"WebPage\",\"@id\":\"https:\/\/antoine-ciosi.com\/index.php\/produit\/album-babbu-e-figliolu\/#webpage\",\"url\":\"https:\/\/antoine-ciosi.com\/index.php\/produit\/album-babbu-e-figliolu\/\",\"name\":\"Album \\\"Babbu \\u00e8 Figliolu\\\" - Antoine CIOSI\",\"isPartOf\":{\"@id\":\"https:\/\/antoine-ciosi.com\/#website\"},\"primaryImageOfPage\":{\"@id\":\"https:\/\/antoine-ciosi.com\/index.php\/produit\/album-babbu-e-figliolu\/#primaryimage\"},\"datePublished\":\"2023-11-09T18:55:28+00:00\",\"dateModified\":\"2026-04-15T22:56:21+00:00\",\"description\":\"Port\\u00e9 par la voix chaleureuse et envoutante d'Antoine Ciosi, sublim\\u00e9e par les harmonies raffin\\u00e9es de J\\u00e9r\\u00f4me, \\\"babu \\u00e8 Figliolu\\\" aborde un r\\u00e9pertoire \\u00e9pur\\u00e9 qui magnifie le verbe et la po\\u00e9sie en langue corse et fran\\u00e7aise.\",\"breadcrumb\":{\"@id\":\"https:\/\/antoine-ciosi.com\/index.php\/produit\/album-babbu-e-figliolu\/#breadcrumb\"},\"inLanguage\":\"fr-FR\",\"potentialAction\":[{\"@type\":\"ReadAction\",\"target\":[\"https:\/\/antoine-ciosi.com\/index.php\/produit\/album-babbu-e-figliolu\/\"]}]},{\"@type\":\"BreadcrumbList\",\"@id\":\"https:\/\/antoine-ciosi.com\/index.php\/produit\/album-babbu-e-figliolu\/#breadcrumb\",\"itemListElement\":[{\"@type\":\"ListItem\",\"position\":1,\"name\":\"Accueil\",\"item\":\"https:\/\/antoine-ciosi.com\/\"},{\"@type\":\"ListItem\",\"position\":2,\"name\":\"Achat de CD\",\"item\":\"https:\/\/antoine-ciosi.com\/index.php\/shop\/\"},{\"@type\":\"ListItem\",\"position\":3,\"name\":\"Album \\u00ab\\u00a0Babbu \\u00e8 Figliolu\\u00a0\\u00bb\"}]}]}<\/script>\n<!-- \/ Yoast SEO plugin. -->","yoast_head_json":{"title":"Album \"Babbu \u00e8 Figliolu\" - Antoine CIOSI","description":"Port\u00e9 par la voix chaleureuse et envoutante d'Antoine Ciosi, sublim\u00e9e par les harmonies raffin\u00e9es de J\u00e9r\u00f4me, \"babu \u00e8 Figliolu\" aborde un r\u00e9pertoire \u00e9pur\u00e9 qui magnifie le verbe et la po\u00e9sie en langue corse et fran\u00e7aise.","robots":{"index":"index","follow":"follow","max-snippet":"max-snippet:-1","max-image-preview":"max-image-preview:large","max-video-preview":"max-video-preview:-1"},"canonical":"https:\/\/antoine-ciosi.com\/index.php\/produit\/album-babbu-e-figliolu\/","og_locale":"fr_FR","og_type":"article","og_title":"Album \"Babbu \u00e8 Figliolu\" - Antoine CIOSI","og_description":"Port\u00e9 par la voix chaleureuse et envoutante d'Antoine Ciosi, sublim\u00e9e par les harmonies raffin\u00e9es de J\u00e9r\u00f4me, \"babu \u00e8 Figliolu\" aborde un r\u00e9pertoire \u00e9pur\u00e9 qui magnifie le verbe et la po\u00e9sie en langue corse et fran\u00e7aise.","og_url":"https:\/\/antoine-ciosi.com\/index.php\/produit\/album-babbu-e-figliolu\/","og_site_name":"Antoine CIOSI","article_modified_time":"2026-04-15T22:56:21+00:00","og_image":[{"width":2560,"height":2560,"filesize":1110786,"url":"http:\/\/antoine-ciosi.com\/wp-content\/uploads\/2023\/11\/babbu3-scaled.jpg","path":"\/home\/antoinectp\/www\/wp-content\/uploads\/2023\/11\/babbu3-scaled.jpg","size":"full","id":3978,"alt":"","pixels":6553600,"type":"image\/jpeg"}],"twitter_card":"summary_large_image","twitter_misc":{"Dur\u00e9e de lecture est.":"1 minute"},"schema":{"@context":"https:\/\/schema.org","@graph":[{"@type":"WebSite","@id":"https:\/\/antoine-ciosi.com\/#website","url":"https:\/\/antoine-ciosi.com\/","name":"Antoine CIOSI","description":"Nouvel Album - Babbu \u00e8 Figliolu - En vente d\u00e8s maintenant","potentialAction":[{"@type":"SearchAction","target":{"@type":"EntryPoint","urlTemplate":"https:\/\/antoine-ciosi.com\/?s={search_term_string}"},"query-input":"required name=search_term_string"}],"inLanguage":"fr-FR"},{"@type":"ImageObject","@id":"https:\/\/antoine-ciosi.com\/index.php\/produit\/album-babbu-e-figliolu\/#primaryimage","inLanguage":"fr-FR","url":"https:\/\/i0.wp.com\/antoine-ciosi.com\/wp-content\/uploads\/2023\/11\/babbu3-scaled.jpg?fit=2560%2C2560&ssl=1","contentUrl":"https:\/\/i0.wp.com\/antoine-ciosi.com\/wp-content\/uploads\/2023\/11\/babbu3-scaled.jpg?fit=2560%2C2560&ssl=1","width":2560,"height":2560},{"@type":"WebPage","@id":"https:\/\/antoine-ciosi.com\/index.php\/produit\/album-babbu-e-figliolu\/#webpage","url":"https:\/\/antoine-ciosi.com\/index.php\/produit\/album-babbu-e-figliolu\/","name":"Album \"Babbu \u00e8 Figliolu\" - Antoine CIOSI","isPartOf":{"@id":"https:\/\/antoine-ciosi.com\/#website"},"primaryImageOfPage":{"@id":"https:\/\/antoine-ciosi.com\/index.php\/produit\/album-babbu-e-figliolu\/#primaryimage"},"datePublished":"2023-11-09T18:55:28+00:00","dateModified":"2026-04-15T22:56:21+00:00","description":"Port\u00e9 par la voix chaleureuse et envoutante d'Antoine Ciosi, sublim\u00e9e par les harmonies raffin\u00e9es de J\u00e9r\u00f4me, \"babu \u00e8 Figliolu\" aborde un r\u00e9pertoire \u00e9pur\u00e9 qui magnifie le verbe et la po\u00e9sie en langue corse et fran\u00e7aise.","breadcrumb":{"@id":"https:\/\/antoine-ciosi.com\/index.php\/produit\/album-babbu-e-figliolu\/#breadcrumb"},"inLanguage":"fr-FR","potentialAction":[{"@type":"ReadAction","target":["https:\/\/antoine-ciosi.com\/index.php\/produit\/album-babbu-e-figliolu\/"]}]},{"@type":"BreadcrumbList","@id":"https:\/\/antoine-ciosi.com\/index.php\/produit\/album-babbu-e-figliolu\/#breadcrumb","itemListElement":[{"@type":"ListItem","position":1,"name":"Accueil","item":"https:\/\/antoine-ciosi.com\/"},{"@type":"ListItem","position":2,"name":"Achat de CD","item":"https:\/\/antoine-ciosi.com\/index.php\/shop\/"},{"@type":"ListItem","position":3,"name":"Album \u00ab\u00a0Babbu \u00e8 Figliolu\u00a0\u00bb"}]}]}},"jetpack_publicize_connections":[],"jetpack_sharing_enabled":true,"_links":{"self":[{"href":"https:\/\/antoine-ciosi.com\/index.php\/wp-json\/wp\/v2\/product\/3977","targetHints":{"allow":["GET"]}}],"collection":[{"href":"https:\/\/antoine-ciosi.com\/index.php\/wp-json\/wp\/v2\/product"}],"about":[{"href":"https:\/\/antoine-ciosi.com\/index.php\/wp-json\/wp\/v2\/types\/product"}],"replies":[{"embeddable":true,"href":"https:\/\/antoine-ciosi.com\/index.php\/wp-json\/wp\/v2\/comments?post=3977"}],"wp:featuredmedia":[{"embeddable":true,"href":"https:\/\/antoine-ciosi.com\/index.php\/wp-json\/wp\/v2\/media\/3978"}],"wp:attachment":[{"href":"https:\/\/antoine-ciosi.com\/index.php\/wp-json\/wp\/v2\/media?parent=3977"}],"wp:term":[{"taxonomy":"product_brand","embeddable":true,"href":"https:\/\/antoine-ciosi.com\/index.php\/wp-json\/wp\/v2\/product_brand?post=3977"},{"taxonomy":"product_cat","embeddable":true,"href":"https:\/\/antoine-ciosi.com\/index.php\/wp-json\/wp\/v2\/product_cat?post=3977"},{"taxonomy":"product_tag","embeddable":true,"href":"https:\/\/antoine-ciosi.com\/index.php\/wp-json\/wp\/v2\/product_tag?post=3977"}],"curies":[{"name":"wp","href":"https:\/\/api.w.org\/{rel}","templated":true}]}}