{"id":4981,"date":"2024-09-10T13:08:51","date_gmt":"2024-09-10T11:08:51","guid":{"rendered":"https:\/\/antoine-ciosi.com\/?post_type=product&#038;p=4981"},"modified":"2026-01-26T12:13:31","modified_gmt":"2026-01-26T11:13:31","slug":"partenza-de-jerome-ciosi","status":"publish","type":"product","link":"https:\/\/antoine-ciosi.com\/index.php\/produit\/partenza-de-jerome-ciosi\/","title":{"rendered":"\u00ab\u00a0Partenza\u00a0\u00bb de J\u00e9r\u00f4me Ciosi"},"content":{"rendered":"<p>Un album solo o\u00f9 la sonorit\u00e9 cristalline de la guitare de J\u00e9r\u00f4me Ciosi vous emm\u00e8ne en voyage au gr\u00e9 de ses compositions originales.<\/p>\n","protected":false},"excerpt":{"rendered":"<p>Un album solo o\u00f9 la sonorit\u00e9 cristalline de la guitare de J\u00e9r\u00f4me Ciosi vous emm\u00e8ne en voyage au gr\u00e9 de ses compositions originales.<\/p>\n","protected":false},"featured_media":4982,"comment_status":"open","ping_status":"closed","template":"","meta":{"jetpack_post_was_ever_published":false,"jetpack_publicize_message":"","jetpack_publicize_feature_enabled":true,"jetpack_social_post_already_shared":true,"jetpack_social_options":{"image_generator_settings":{"template":"highway","default_image_id":0,"font":"","enabled":false},"version":2}},"product_brand":[],"product_cat":[21,43],"product_tag":[],"class_list":{"0":"post-4981","1":"product","2":"type-product","3":"status-publish","4":"has-post-thumbnail","6":"product_cat-album","7":"product_cat-jerome-ciosi","9":"first","10":"instock","11":"shipping-taxable","12":"purchasable","13":"product-type-simple"},"yoast_head":"<!-- This site is optimized with the Yoast SEO plugin v16.7 - https:\/\/yoast.com\/wordpress\/plugins\/seo\/ -->\n<title>&quot;Partenza&quot; de J\u00e9r\u00f4me Ciosi - Antoine CIOSI<\/title>\n<meta name=\"robots\" content=\"index, follow, max-snippet:-1, max-image-preview:large, max-video-preview:-1\" \/>\n<link rel=\"canonical\" href=\"https:\/\/antoine-ciosi.com\/index.php\/produit\/partenza-de-jerome-ciosi\/\" \/>\n<meta property=\"og:locale\" content=\"fr_FR\" \/>\n<meta property=\"og:type\" content=\"article\" \/>\n<meta property=\"og:title\" content=\"&quot;Partenza&quot; de J\u00e9r\u00f4me Ciosi - Antoine CIOSI\" \/>\n<meta property=\"og:description\" content=\"Un album solo o\u00f9 la sonorit\u00e9 cristalline de la guitare de J\u00e9r\u00f4me Ciosi vous emm\u00e8ne en voyage au gr\u00e9 de ses compositions originales.\" \/>\n<meta property=\"og:url\" content=\"https:\/\/antoine-ciosi.com\/index.php\/produit\/partenza-de-jerome-ciosi\/\" \/>\n<meta property=\"og:site_name\" content=\"Antoine CIOSI\" \/>\n<meta property=\"article:modified_time\" content=\"2026-01-26T11:13:31+00:00\" \/>\n<meta property=\"og:image\" content=\"https:\/\/antoine-ciosi.com\/wp-content\/uploads\/2024\/09\/jerome-ciosi-album-partenza.jpg\" \/>\n\t<meta property=\"og:image:width\" content=\"720\" \/>\n\t<meta property=\"og:image:height\" content=\"720\" \/>\n<meta name=\"twitter:card\" content=\"summary_large_image\" \/>\n<script type=\"application\/ld+json\" class=\"yoast-schema-graph\">{\"@context\":\"https:\/\/schema.org\",\"@graph\":[{\"@type\":\"WebSite\",\"@id\":\"https:\/\/antoine-ciosi.com\/#website\",\"url\":\"https:\/\/antoine-ciosi.com\/\",\"name\":\"Antoine CIOSI\",\"description\":\"Nouvel Album - Babbu \\u00e8 Figliolu - En vente d\\u00e8s maintenant\",\"potentialAction\":[{\"@type\":\"SearchAction\",\"target\":{\"@type\":\"EntryPoint\",\"urlTemplate\":\"https:\/\/antoine-ciosi.com\/?s={search_term_string}\"},\"query-input\":\"required name=search_term_string\"}],\"inLanguage\":\"fr-FR\"},{\"@type\":\"ImageObject\",\"@id\":\"https:\/\/antoine-ciosi.com\/index.php\/produit\/partenza-de-jerome-ciosi\/#primaryimage\",\"inLanguage\":\"fr-FR\",\"url\":\"https:\/\/i0.wp.com\/antoine-ciosi.com\/wp-content\/uploads\/2024\/09\/jerome-ciosi-album-partenza.jpg?fit=720%2C720&ssl=1\",\"contentUrl\":\"https:\/\/i0.wp.com\/antoine-ciosi.com\/wp-content\/uploads\/2024\/09\/jerome-ciosi-album-partenza.jpg?fit=720%2C720&ssl=1\",\"width\":720,\"height\":720,\"caption\":\"Partenza - J\\u00e9r\\u00f4me Ciosi\"},{\"@type\":\"WebPage\",\"@id\":\"https:\/\/antoine-ciosi.com\/index.php\/produit\/partenza-de-jerome-ciosi\/#webpage\",\"url\":\"https:\/\/antoine-ciosi.com\/index.php\/produit\/partenza-de-jerome-ciosi\/\",\"name\":\"\\\"Partenza\\\" de J\\u00e9r\\u00f4me Ciosi - Antoine CIOSI\",\"isPartOf\":{\"@id\":\"https:\/\/antoine-ciosi.com\/#website\"},\"primaryImageOfPage\":{\"@id\":\"https:\/\/antoine-ciosi.com\/index.php\/produit\/partenza-de-jerome-ciosi\/#primaryimage\"},\"datePublished\":\"2024-09-10T11:08:51+00:00\",\"dateModified\":\"2026-01-26T11:13:31+00:00\",\"breadcrumb\":{\"@id\":\"https:\/\/antoine-ciosi.com\/index.php\/produit\/partenza-de-jerome-ciosi\/#breadcrumb\"},\"inLanguage\":\"fr-FR\",\"potentialAction\":[{\"@type\":\"ReadAction\",\"target\":[\"https:\/\/antoine-ciosi.com\/index.php\/produit\/partenza-de-jerome-ciosi\/\"]}]},{\"@type\":\"BreadcrumbList\",\"@id\":\"https:\/\/antoine-ciosi.com\/index.php\/produit\/partenza-de-jerome-ciosi\/#breadcrumb\",\"itemListElement\":[{\"@type\":\"ListItem\",\"position\":1,\"name\":\"Accueil\",\"item\":\"https:\/\/antoine-ciosi.com\/\"},{\"@type\":\"ListItem\",\"position\":2,\"name\":\"Achat de CD\",\"item\":\"https:\/\/antoine-ciosi.com\/index.php\/shop\/\"},{\"@type\":\"ListItem\",\"position\":3,\"name\":\"\\u00ab\\u00a0Partenza\\u00a0\\u00bb de J\\u00e9r\\u00f4me Ciosi\"}]}]}<\/script>\n<!-- \/ Yoast SEO plugin. -->","yoast_head_json":{"title":"\"Partenza\" de J\u00e9r\u00f4me Ciosi - Antoine CIOSI","robots":{"index":"index","follow":"follow","max-snippet":"max-snippet:-1","max-image-preview":"max-image-preview:large","max-video-preview":"max-video-preview:-1"},"canonical":"https:\/\/antoine-ciosi.com\/index.php\/produit\/partenza-de-jerome-ciosi\/","og_locale":"fr_FR","og_type":"article","og_title":"\"Partenza\" de J\u00e9r\u00f4me Ciosi - Antoine CIOSI","og_description":"Un album solo o\u00f9 la sonorit\u00e9 cristalline de la guitare de J\u00e9r\u00f4me Ciosi vous emm\u00e8ne en voyage au gr\u00e9 de ses compositions originales.","og_url":"https:\/\/antoine-ciosi.com\/index.php\/produit\/partenza-de-jerome-ciosi\/","og_site_name":"Antoine CIOSI","article_modified_time":"2026-01-26T11:13:31+00:00","og_image":[{"width":720,"height":720,"filesize":283633,"url":"https:\/\/antoine-ciosi.com\/wp-content\/uploads\/2024\/09\/jerome-ciosi-album-partenza.jpg","path":"\/home\/antoinectp\/www\/wp-content\/uploads\/2024\/09\/jerome-ciosi-album-partenza.jpg","size":"full","id":4982,"alt":"Partenza - J\u00e9r\u00f4me Ciosi","pixels":518400,"type":"image\/jpeg"}],"twitter_card":"summary_large_image","schema":{"@context":"https:\/\/schema.org","@graph":[{"@type":"WebSite","@id":"https:\/\/antoine-ciosi.com\/#website","url":"https:\/\/antoine-ciosi.com\/","name":"Antoine CIOSI","description":"Nouvel Album - Babbu \u00e8 Figliolu - En vente d\u00e8s maintenant","potentialAction":[{"@type":"SearchAction","target":{"@type":"EntryPoint","urlTemplate":"https:\/\/antoine-ciosi.com\/?s={search_term_string}"},"query-input":"required name=search_term_string"}],"inLanguage":"fr-FR"},{"@type":"ImageObject","@id":"https:\/\/antoine-ciosi.com\/index.php\/produit\/partenza-de-jerome-ciosi\/#primaryimage","inLanguage":"fr-FR","url":"https:\/\/i0.wp.com\/antoine-ciosi.com\/wp-content\/uploads\/2024\/09\/jerome-ciosi-album-partenza.jpg?fit=720%2C720&ssl=1","contentUrl":"https:\/\/i0.wp.com\/antoine-ciosi.com\/wp-content\/uploads\/2024\/09\/jerome-ciosi-album-partenza.jpg?fit=720%2C720&ssl=1","width":720,"height":720,"caption":"Partenza - J\u00e9r\u00f4me Ciosi"},{"@type":"WebPage","@id":"https:\/\/antoine-ciosi.com\/index.php\/produit\/partenza-de-jerome-ciosi\/#webpage","url":"https:\/\/antoine-ciosi.com\/index.php\/produit\/partenza-de-jerome-ciosi\/","name":"\"Partenza\" de J\u00e9r\u00f4me Ciosi - Antoine CIOSI","isPartOf":{"@id":"https:\/\/antoine-ciosi.com\/#website"},"primaryImageOfPage":{"@id":"https:\/\/antoine-ciosi.com\/index.php\/produit\/partenza-de-jerome-ciosi\/#primaryimage"},"datePublished":"2024-09-10T11:08:51+00:00","dateModified":"2026-01-26T11:13:31+00:00","breadcrumb":{"@id":"https:\/\/antoine-ciosi.com\/index.php\/produit\/partenza-de-jerome-ciosi\/#breadcrumb"},"inLanguage":"fr-FR","potentialAction":[{"@type":"ReadAction","target":["https:\/\/antoine-ciosi.com\/index.php\/produit\/partenza-de-jerome-ciosi\/"]}]},{"@type":"BreadcrumbList","@id":"https:\/\/antoine-ciosi.com\/index.php\/produit\/partenza-de-jerome-ciosi\/#breadcrumb","itemListElement":[{"@type":"ListItem","position":1,"name":"Accueil","item":"https:\/\/antoine-ciosi.com\/"},{"@type":"ListItem","position":2,"name":"Achat de CD","item":"https:\/\/antoine-ciosi.com\/index.php\/shop\/"},{"@type":"ListItem","position":3,"name":"\u00ab\u00a0Partenza\u00a0\u00bb de J\u00e9r\u00f4me Ciosi"}]}]}},"jetpack_publicize_connections":[],"jetpack_sharing_enabled":true,"_links":{"self":[{"href":"https:\/\/antoine-ciosi.com\/index.php\/wp-json\/wp\/v2\/product\/4981","targetHints":{"allow":["GET"]}}],"collection":[{"href":"https:\/\/antoine-ciosi.com\/index.php\/wp-json\/wp\/v2\/product"}],"about":[{"href":"https:\/\/antoine-ciosi.com\/index.php\/wp-json\/wp\/v2\/types\/product"}],"replies":[{"embeddable":true,"href":"https:\/\/antoine-ciosi.com\/index.php\/wp-json\/wp\/v2\/comments?post=4981"}],"wp:featuredmedia":[{"embeddable":true,"href":"https:\/\/antoine-ciosi.com\/index.php\/wp-json\/wp\/v2\/media\/4982"}],"wp:attachment":[{"href":"https:\/\/antoine-ciosi.com\/index.php\/wp-json\/wp\/v2\/media?parent=4981"}],"wp:term":[{"taxonomy":"product_brand","embeddable":true,"href":"https:\/\/antoine-ciosi.com\/index.php\/wp-json\/wp\/v2\/product_brand?post=4981"},{"taxonomy":"product_cat","embeddable":true,"href":"https:\/\/antoine-ciosi.com\/index.php\/wp-json\/wp\/v2\/product_cat?post=4981"},{"taxonomy":"product_tag","embeddable":true,"href":"https:\/\/antoine-ciosi.com\/index.php\/wp-json\/wp\/v2\/product_tag?post=4981"}],"curies":[{"name":"wp","href":"https:\/\/api.w.org\/{rel}","templated":true}]}}