{"id":7069,"date":"2025-11-15T15:14:09","date_gmt":"2025-11-15T14:14:09","guid":{"rendered":"https:\/\/antoine-ciosi.com\/?post_type=product&#038;p=7069"},"modified":"2025-11-15T15:14:09","modified_gmt":"2025-11-15T14:14:09","slug":"promo-noel-partenza","status":"publish","type":"product","link":"https:\/\/antoine-ciosi.com\/index.php\/produit\/promo-noel-partenza\/","title":{"rendered":"PROMO NO\u00cbL PARTENZA"},"content":{"rendered":"<p>Un album solo o\u00f9 la sonorit\u00e9 cristalline de la guitare de J\u00e9r\u00f4me Ciosi vous emm\u00e8ne en voyage au gr\u00e9 de ses compositions originales.<\/p>\n<h2><em><strong>EN CADEAU !<\/strong> Une pochette contenant de l&rsquo;immortelle cueillie en Corse dans la r\u00e9gion de Balagne.<\/em><\/h2>\n","protected":false},"excerpt":{"rendered":"<p>Un album solo o\u00f9 la sonorit\u00e9 cristalline de la guitare de J\u00e9r\u00f4me Ciosi vous emm\u00e8ne en voyage au gr\u00e9 de ses compositions originales. EN CADEAU ! Une pochette contenant de l&rsquo;immortelle cueillie en Corse dans la r\u00e9gion de Balagne.<\/p>\n","protected":false},"featured_media":7071,"comment_status":"open","ping_status":"closed","template":"","meta":{"jetpack_post_was_ever_published":false,"jetpack_publicize_message":"","jetpack_publicize_feature_enabled":true,"jetpack_social_post_already_shared":true,"jetpack_social_options":{"image_generator_settings":{"template":"highway","default_image_id":0,"font":"","enabled":false},"version":2}},"product_brand":[],"product_cat":[20],"product_tag":[],"class_list":{"0":"post-7069","1":"product","2":"type-product","3":"status-publish","4":"has-post-thumbnail","6":"product_cat-uncategorized","8":"first","9":"instock","10":"sale","11":"shipping-taxable","12":"purchasable","13":"product-type-simple"},"yoast_head":"<!-- This site is optimized with the Yoast SEO plugin v16.7 - https:\/\/yoast.com\/wordpress\/plugins\/seo\/ -->\n<title>PROMO NO\u00cbL PARTENZA - Antoine CIOSI<\/title>\n<meta name=\"robots\" content=\"index, follow, max-snippet:-1, max-image-preview:large, max-video-preview:-1\" \/>\n<link rel=\"canonical\" href=\"https:\/\/antoine-ciosi.com\/index.php\/produit\/promo-noel-partenza\/\" \/>\n<meta property=\"og:locale\" content=\"fr_FR\" \/>\n<meta property=\"og:type\" content=\"article\" \/>\n<meta property=\"og:title\" content=\"PROMO NO\u00cbL PARTENZA - Antoine CIOSI\" \/>\n<meta property=\"og:description\" content=\"Un album solo o\u00f9 la sonorit\u00e9 cristalline de la guitare de J\u00e9r\u00f4me Ciosi vous emm\u00e8ne en voyage au gr\u00e9 de ses compositions originales. EN CADEAU ! Une pochette contenant de l&rsquo;immortelle cueillie en Corse dans la r\u00e9gion de Balagne.\" \/>\n<meta property=\"og:url\" content=\"https:\/\/antoine-ciosi.com\/index.php\/produit\/promo-noel-partenza\/\" \/>\n<meta property=\"og:site_name\" content=\"Antoine CIOSI\" \/>\n<meta property=\"og:image\" content=\"https:\/\/antoine-ciosi.com\/wp-content\/uploads\/2025\/11\/IMG-20251109-WA0009-1-scaled.jpeg\" \/>\n\t<meta property=\"og:image:width\" content=\"2560\" \/>\n\t<meta property=\"og:image:height\" content=\"2560\" \/>\n<meta name=\"twitter:card\" content=\"summary_large_image\" \/>\n<script type=\"application\/ld+json\" class=\"yoast-schema-graph\">{\"@context\":\"https:\/\/schema.org\",\"@graph\":[{\"@type\":\"WebSite\",\"@id\":\"https:\/\/antoine-ciosi.com\/#website\",\"url\":\"https:\/\/antoine-ciosi.com\/\",\"name\":\"Antoine CIOSI\",\"description\":\"Nouvel Album - Babbu \\u00e8 Figliolu - En vente d\\u00e8s maintenant\",\"potentialAction\":[{\"@type\":\"SearchAction\",\"target\":{\"@type\":\"EntryPoint\",\"urlTemplate\":\"https:\/\/antoine-ciosi.com\/?s={search_term_string}\"},\"query-input\":\"required name=search_term_string\"}],\"inLanguage\":\"fr-FR\"},{\"@type\":\"ImageObject\",\"@id\":\"https:\/\/antoine-ciosi.com\/index.php\/produit\/promo-noel-partenza\/#primaryimage\",\"inLanguage\":\"fr-FR\",\"url\":\"https:\/\/i0.wp.com\/antoine-ciosi.com\/wp-content\/uploads\/2025\/11\/IMG-20251109-WA0009-1-scaled.jpeg?fit=2560%2C2560&ssl=1\",\"contentUrl\":\"https:\/\/i0.wp.com\/antoine-ciosi.com\/wp-content\/uploads\/2025\/11\/IMG-20251109-WA0009-1-scaled.jpeg?fit=2560%2C2560&ssl=1\",\"width\":2560,\"height\":2560},{\"@type\":\"WebPage\",\"@id\":\"https:\/\/antoine-ciosi.com\/index.php\/produit\/promo-noel-partenza\/#webpage\",\"url\":\"https:\/\/antoine-ciosi.com\/index.php\/produit\/promo-noel-partenza\/\",\"name\":\"PROMO NO\\u00cbL PARTENZA - Antoine CIOSI\",\"isPartOf\":{\"@id\":\"https:\/\/antoine-ciosi.com\/#website\"},\"primaryImageOfPage\":{\"@id\":\"https:\/\/antoine-ciosi.com\/index.php\/produit\/promo-noel-partenza\/#primaryimage\"},\"datePublished\":\"2025-11-15T14:14:09+00:00\",\"dateModified\":\"2025-11-15T14:14:09+00:00\",\"breadcrumb\":{\"@id\":\"https:\/\/antoine-ciosi.com\/index.php\/produit\/promo-noel-partenza\/#breadcrumb\"},\"inLanguage\":\"fr-FR\",\"potentialAction\":[{\"@type\":\"ReadAction\",\"target\":[\"https:\/\/antoine-ciosi.com\/index.php\/produit\/promo-noel-partenza\/\"]}]},{\"@type\":\"BreadcrumbList\",\"@id\":\"https:\/\/antoine-ciosi.com\/index.php\/produit\/promo-noel-partenza\/#breadcrumb\",\"itemListElement\":[{\"@type\":\"ListItem\",\"position\":1,\"name\":\"Accueil\",\"item\":\"https:\/\/antoine-ciosi.com\/\"},{\"@type\":\"ListItem\",\"position\":2,\"name\":\"Achat de CD\",\"item\":\"https:\/\/antoine-ciosi.com\/index.php\/shop\/\"},{\"@type\":\"ListItem\",\"position\":3,\"name\":\"PROMO NO\\u00cbL PARTENZA\"}]}]}<\/script>\n<!-- \/ Yoast SEO plugin. -->","yoast_head_json":{"title":"PROMO NO\u00cbL PARTENZA - Antoine CIOSI","robots":{"index":"index","follow":"follow","max-snippet":"max-snippet:-1","max-image-preview":"max-image-preview:large","max-video-preview":"max-video-preview:-1"},"canonical":"https:\/\/antoine-ciosi.com\/index.php\/produit\/promo-noel-partenza\/","og_locale":"fr_FR","og_type":"article","og_title":"PROMO NO\u00cbL PARTENZA - Antoine CIOSI","og_description":"Un album solo o\u00f9 la sonorit\u00e9 cristalline de la guitare de J\u00e9r\u00f4me Ciosi vous emm\u00e8ne en voyage au gr\u00e9 de ses compositions originales. EN CADEAU ! Une pochette contenant de l&rsquo;immortelle cueillie en Corse dans la r\u00e9gion de Balagne.","og_url":"https:\/\/antoine-ciosi.com\/index.php\/produit\/promo-noel-partenza\/","og_site_name":"Antoine CIOSI","og_image":[{"width":2560,"height":2560,"filesize":827549,"url":"https:\/\/antoine-ciosi.com\/wp-content\/uploads\/2025\/11\/IMG-20251109-WA0009-1-scaled.jpeg","path":"\/home\/antoinectp\/www\/wp-content\/uploads\/2025\/11\/IMG-20251109-WA0009-1-scaled.jpeg","size":"full","id":7071,"alt":"","pixels":6553600,"type":"image\/jpeg"}],"twitter_card":"summary_large_image","schema":{"@context":"https:\/\/schema.org","@graph":[{"@type":"WebSite","@id":"https:\/\/antoine-ciosi.com\/#website","url":"https:\/\/antoine-ciosi.com\/","name":"Antoine CIOSI","description":"Nouvel Album - Babbu \u00e8 Figliolu - En vente d\u00e8s maintenant","potentialAction":[{"@type":"SearchAction","target":{"@type":"EntryPoint","urlTemplate":"https:\/\/antoine-ciosi.com\/?s={search_term_string}"},"query-input":"required name=search_term_string"}],"inLanguage":"fr-FR"},{"@type":"ImageObject","@id":"https:\/\/antoine-ciosi.com\/index.php\/produit\/promo-noel-partenza\/#primaryimage","inLanguage":"fr-FR","url":"https:\/\/i0.wp.com\/antoine-ciosi.com\/wp-content\/uploads\/2025\/11\/IMG-20251109-WA0009-1-scaled.jpeg?fit=2560%2C2560&ssl=1","contentUrl":"https:\/\/i0.wp.com\/antoine-ciosi.com\/wp-content\/uploads\/2025\/11\/IMG-20251109-WA0009-1-scaled.jpeg?fit=2560%2C2560&ssl=1","width":2560,"height":2560},{"@type":"WebPage","@id":"https:\/\/antoine-ciosi.com\/index.php\/produit\/promo-noel-partenza\/#webpage","url":"https:\/\/antoine-ciosi.com\/index.php\/produit\/promo-noel-partenza\/","name":"PROMO NO\u00cbL PARTENZA - Antoine CIOSI","isPartOf":{"@id":"https:\/\/antoine-ciosi.com\/#website"},"primaryImageOfPage":{"@id":"https:\/\/antoine-ciosi.com\/index.php\/produit\/promo-noel-partenza\/#primaryimage"},"datePublished":"2025-11-15T14:14:09+00:00","dateModified":"2025-11-15T14:14:09+00:00","breadcrumb":{"@id":"https:\/\/antoine-ciosi.com\/index.php\/produit\/promo-noel-partenza\/#breadcrumb"},"inLanguage":"fr-FR","potentialAction":[{"@type":"ReadAction","target":["https:\/\/antoine-ciosi.com\/index.php\/produit\/promo-noel-partenza\/"]}]},{"@type":"BreadcrumbList","@id":"https:\/\/antoine-ciosi.com\/index.php\/produit\/promo-noel-partenza\/#breadcrumb","itemListElement":[{"@type":"ListItem","position":1,"name":"Accueil","item":"https:\/\/antoine-ciosi.com\/"},{"@type":"ListItem","position":2,"name":"Achat de CD","item":"https:\/\/antoine-ciosi.com\/index.php\/shop\/"},{"@type":"ListItem","position":3,"name":"PROMO NO\u00cbL PARTENZA"}]}]}},"jetpack_publicize_connections":[],"jetpack_sharing_enabled":true,"_links":{"self":[{"href":"https:\/\/antoine-ciosi.com\/index.php\/wp-json\/wp\/v2\/product\/7069","targetHints":{"allow":["GET"]}}],"collection":[{"href":"https:\/\/antoine-ciosi.com\/index.php\/wp-json\/wp\/v2\/product"}],"about":[{"href":"https:\/\/antoine-ciosi.com\/index.php\/wp-json\/wp\/v2\/types\/product"}],"replies":[{"embeddable":true,"href":"https:\/\/antoine-ciosi.com\/index.php\/wp-json\/wp\/v2\/comments?post=7069"}],"wp:featuredmedia":[{"embeddable":true,"href":"https:\/\/antoine-ciosi.com\/index.php\/wp-json\/wp\/v2\/media\/7071"}],"wp:attachment":[{"href":"https:\/\/antoine-ciosi.com\/index.php\/wp-json\/wp\/v2\/media?parent=7069"}],"wp:term":[{"taxonomy":"product_brand","embeddable":true,"href":"https:\/\/antoine-ciosi.com\/index.php\/wp-json\/wp\/v2\/product_brand?post=7069"},{"taxonomy":"product_cat","embeddable":true,"href":"https:\/\/antoine-ciosi.com\/index.php\/wp-json\/wp\/v2\/product_cat?post=7069"},{"taxonomy":"product_tag","embeddable":true,"href":"https:\/\/antoine-ciosi.com\/index.php\/wp-json\/wp\/v2\/product_tag?post=7069"}],"curies":[{"name":"wp","href":"https:\/\/api.w.org\/{rel}","templated":true}]}}