{"id":802,"date":"2020-11-21T19:42:23","date_gmt":"2020-11-21T18:42:23","guid":{"rendered":"https:\/\/antoine-ciosi.com\/?post_type=product&#038;p=802"},"modified":"2024-07-01T22:51:11","modified_gmt":"2024-07-01T20:51:11","slug":"une-odeur-de-figuier-sauvage-albin-michel","status":"publish","type":"product","link":"https:\/\/antoine-ciosi.com\/index.php\/produit\/une-odeur-de-figuier-sauvage-albin-michel\/","title":{"rendered":"UNE ODEUR DE FIGUIER SAUVAGE (Albin Michel)"},"content":{"rendered":"","protected":false},"excerpt":{"rendered":"<p>C&rsquo;est le temps des moulins \u00e0 eau et du Front populaire, d&rsquo;une Corse pastorale et rurale qui d\u00e9couvre pas \u00e0 pas le nouveau si\u00e8cle, avant que la guerre, et surtout le d\u00e9barquement am\u00e9ricain, contribue \u00e0 la faire changer d&rsquo;\u00e9poque. Entre le village dress\u00e9 sur son ar\u00eate et la plaine de la Casinca, le chanteur Antoine Ciosi donne \u00e0 voir, \u00e0 vivre et \u00e0 sentir une enfance rude mais libre, \u00e0 l&rsquo;ombre de la buvette paternelle, dans les parfums du maquis.<br \/>\nHymne d&rsquo;amour \u00e0 une Corse ancr\u00e9e dans l&rsquo;imm\u00e9morial fonds tragique m\u00e9diterran\u00e9en, Une odeur de figuier sauvage restitue \u00e0 l \u00eele sa beaut\u00e9 originelle, avant l&rsquo;invasion des marchands de soleil et de leur cort\u00e8ge de b\u00e9ton.<\/p>\n","protected":false},"featured_media":803,"comment_status":"open","ping_status":"closed","template":"","meta":{"jetpack_post_was_ever_published":false,"jetpack_publicize_message":"","jetpack_publicize_feature_enabled":true,"jetpack_social_post_already_shared":true,"jetpack_social_options":{"image_generator_settings":{"template":"highway","default_image_id":0,"font":"","enabled":false},"version":2}},"product_brand":[],"product_cat":[21,39],"product_tag":[],"class_list":{"0":"post-802","1":"product","2":"type-product","3":"status-publish","4":"has-post-thumbnail","6":"product_cat-album","7":"product_cat-livres","9":"first","10":"instock","11":"shipping-taxable","12":"purchasable","13":"product-type-simple"},"yoast_head":"<!-- This site is optimized with the Yoast SEO plugin v16.7 - https:\/\/yoast.com\/wordpress\/plugins\/seo\/ -->\n<title>UNE ODEUR DE FIGUIER SAUVAGE (Albin Michel) - Antoine CIOSI<\/title>\n<meta name=\"robots\" content=\"index, follow, max-snippet:-1, max-image-preview:large, max-video-preview:-1\" \/>\n<link rel=\"canonical\" href=\"https:\/\/antoine-ciosi.com\/index.php\/produit\/une-odeur-de-figuier-sauvage-albin-michel\/\" \/>\n<meta property=\"og:locale\" content=\"fr_FR\" \/>\n<meta property=\"og:type\" content=\"article\" \/>\n<meta property=\"og:title\" content=\"UNE ODEUR DE FIGUIER SAUVAGE (Albin Michel) - Antoine CIOSI\" \/>\n<meta property=\"og:description\" content=\"C&#039;est le temps des moulins \u00e0 eau et du Front populaire, d&#039;une Corse pastorale et rurale qui d\u00e9couvre pas \u00e0 pas le nouveau si\u00e8cle, avant que la guerre, et surtout le d\u00e9barquement am\u00e9ricain, contribue \u00e0 la faire changer d&#039;\u00e9poque. Entre le village dress\u00e9 sur son ar\u00eate et la plaine de la Casinca, le chanteur Antoine Ciosi donne \u00e0 voir, \u00e0 vivre et \u00e0 sentir une enfance rude mais libre, \u00e0 l&#039;ombre de la buvette paternelle, dans les parfums du maquis. Hymne d&#039;amour \u00e0 une Corse ancr\u00e9e dans l&#039;imm\u00e9morial fonds tragique m\u00e9diterran\u00e9en, Une odeur de figuier sauvage restitue \u00e0 l \u00eele sa beaut\u00e9 originelle, avant l&#039;invasion des marchands de soleil et de leur cort\u00e8ge de b\u00e9ton.\" \/>\n<meta property=\"og:url\" content=\"https:\/\/antoine-ciosi.com\/index.php\/produit\/une-odeur-de-figuier-sauvage-albin-michel\/\" \/>\n<meta property=\"og:site_name\" content=\"Antoine CIOSI\" \/>\n<meta property=\"article:modified_time\" content=\"2024-07-01T20:51:11+00:00\" \/>\n<meta property=\"og:image\" content=\"https:\/\/i0.wp.com\/antoine-ciosi.com\/wp-content\/uploads\/2020\/11\/Capture-de\u0301cran-2020-11-20-a\u0300-18.50.11-1.png?fit=449%2C702&#038;ssl=1\" \/>\n\t<meta property=\"og:image:width\" content=\"449\" \/>\n\t<meta property=\"og:image:height\" content=\"702\" \/>\n<meta name=\"twitter:card\" content=\"summary_large_image\" \/>\n<script type=\"application\/ld+json\" class=\"yoast-schema-graph\">{\"@context\":\"https:\/\/schema.org\",\"@graph\":[{\"@type\":\"WebSite\",\"@id\":\"https:\/\/antoine-ciosi.com\/#website\",\"url\":\"https:\/\/antoine-ciosi.com\/\",\"name\":\"Antoine CIOSI\",\"description\":\"Nouvel Album - Babbu \\u00e8 Figliolu - En vente d\\u00e8s maintenant\",\"potentialAction\":[{\"@type\":\"SearchAction\",\"target\":{\"@type\":\"EntryPoint\",\"urlTemplate\":\"https:\/\/antoine-ciosi.com\/?s={search_term_string}\"},\"query-input\":\"required name=search_term_string\"}],\"inLanguage\":\"fr-FR\"},{\"@type\":\"ImageObject\",\"@id\":\"https:\/\/antoine-ciosi.com\/index.php\/produit\/une-odeur-de-figuier-sauvage-albin-michel\/#primaryimage\",\"inLanguage\":\"fr-FR\",\"url\":\"https:\/\/i0.wp.com\/antoine-ciosi.com\/wp-content\/uploads\/2020\/11\/Capture-de%CC%81cran-2020-11-20-a%CC%80-18.50.11-1.png?fit=449%2C702&ssl=1\",\"contentUrl\":\"https:\/\/i0.wp.com\/antoine-ciosi.com\/wp-content\/uploads\/2020\/11\/Capture-de%CC%81cran-2020-11-20-a%CC%80-18.50.11-1.png?fit=449%2C702&ssl=1\",\"width\":449,\"height\":702},{\"@type\":\"WebPage\",\"@id\":\"https:\/\/antoine-ciosi.com\/index.php\/produit\/une-odeur-de-figuier-sauvage-albin-michel\/#webpage\",\"url\":\"https:\/\/antoine-ciosi.com\/index.php\/produit\/une-odeur-de-figuier-sauvage-albin-michel\/\",\"name\":\"UNE ODEUR DE FIGUIER SAUVAGE (Albin Michel) - Antoine CIOSI\",\"isPartOf\":{\"@id\":\"https:\/\/antoine-ciosi.com\/#website\"},\"primaryImageOfPage\":{\"@id\":\"https:\/\/antoine-ciosi.com\/index.php\/produit\/une-odeur-de-figuier-sauvage-albin-michel\/#primaryimage\"},\"datePublished\":\"2020-11-21T18:42:23+00:00\",\"dateModified\":\"2024-07-01T20:51:11+00:00\",\"breadcrumb\":{\"@id\":\"https:\/\/antoine-ciosi.com\/index.php\/produit\/une-odeur-de-figuier-sauvage-albin-michel\/#breadcrumb\"},\"inLanguage\":\"fr-FR\",\"potentialAction\":[{\"@type\":\"ReadAction\",\"target\":[\"https:\/\/antoine-ciosi.com\/index.php\/produit\/une-odeur-de-figuier-sauvage-albin-michel\/\"]}]},{\"@type\":\"BreadcrumbList\",\"@id\":\"https:\/\/antoine-ciosi.com\/index.php\/produit\/une-odeur-de-figuier-sauvage-albin-michel\/#breadcrumb\",\"itemListElement\":[{\"@type\":\"ListItem\",\"position\":1,\"name\":\"Accueil\",\"item\":\"https:\/\/antoine-ciosi.com\/\"},{\"@type\":\"ListItem\",\"position\":2,\"name\":\"Achat de CD\",\"item\":\"https:\/\/antoine-ciosi.com\/index.php\/shop\/\"},{\"@type\":\"ListItem\",\"position\":3,\"name\":\"UNE ODEUR DE FIGUIER SAUVAGE (Albin Michel)\"}]}]}<\/script>\n<!-- \/ Yoast SEO plugin. -->","yoast_head_json":{"title":"UNE ODEUR DE FIGUIER SAUVAGE (Albin Michel) - Antoine CIOSI","robots":{"index":"index","follow":"follow","max-snippet":"max-snippet:-1","max-image-preview":"max-image-preview:large","max-video-preview":"max-video-preview:-1"},"canonical":"https:\/\/antoine-ciosi.com\/index.php\/produit\/une-odeur-de-figuier-sauvage-albin-michel\/","og_locale":"fr_FR","og_type":"article","og_title":"UNE ODEUR DE FIGUIER SAUVAGE (Albin Michel) - Antoine CIOSI","og_description":"C'est le temps des moulins \u00e0 eau et du Front populaire, d'une Corse pastorale et rurale qui d\u00e9couvre pas \u00e0 pas le nouveau si\u00e8cle, avant que la guerre, et surtout le d\u00e9barquement am\u00e9ricain, contribue \u00e0 la faire changer d'\u00e9poque. Entre le village dress\u00e9 sur son ar\u00eate et la plaine de la Casinca, le chanteur Antoine Ciosi donne \u00e0 voir, \u00e0 vivre et \u00e0 sentir une enfance rude mais libre, \u00e0 l'ombre de la buvette paternelle, dans les parfums du maquis. Hymne d'amour \u00e0 une Corse ancr\u00e9e dans l'imm\u00e9morial fonds tragique m\u00e9diterran\u00e9en, Une odeur de figuier sauvage restitue \u00e0 l \u00eele sa beaut\u00e9 originelle, avant l'invasion des marchands de soleil et de leur cort\u00e8ge de b\u00e9ton.","og_url":"https:\/\/antoine-ciosi.com\/index.php\/produit\/une-odeur-de-figuier-sauvage-albin-michel\/","og_site_name":"Antoine CIOSI","article_modified_time":"2024-07-01T20:51:11+00:00","og_image":[{"width":449,"height":702,"url":"https:\/\/i0.wp.com\/antoine-ciosi.com\/wp-content\/uploads\/2020\/11\/Capture-de\u0301cran-2020-11-20-a\u0300-18.50.11-1.png?fit=449%2C702&ssl=1","path":"\/home\/antoinectp\/www\/wp-content\/uploads\/2020\/11\/Capture-de\u0301cran-2020-11-20-a\u0300-18.50.11-1.png","size":"full","id":803,"alt":"","pixels":315198,"type":"image\/png"}],"twitter_card":"summary_large_image","schema":{"@context":"https:\/\/schema.org","@graph":[{"@type":"WebSite","@id":"https:\/\/antoine-ciosi.com\/#website","url":"https:\/\/antoine-ciosi.com\/","name":"Antoine CIOSI","description":"Nouvel Album - Babbu \u00e8 Figliolu - En vente d\u00e8s maintenant","potentialAction":[{"@type":"SearchAction","target":{"@type":"EntryPoint","urlTemplate":"https:\/\/antoine-ciosi.com\/?s={search_term_string}"},"query-input":"required name=search_term_string"}],"inLanguage":"fr-FR"},{"@type":"ImageObject","@id":"https:\/\/antoine-ciosi.com\/index.php\/produit\/une-odeur-de-figuier-sauvage-albin-michel\/#primaryimage","inLanguage":"fr-FR","url":"https:\/\/i0.wp.com\/antoine-ciosi.com\/wp-content\/uploads\/2020\/11\/Capture-de%CC%81cran-2020-11-20-a%CC%80-18.50.11-1.png?fit=449%2C702&ssl=1","contentUrl":"https:\/\/i0.wp.com\/antoine-ciosi.com\/wp-content\/uploads\/2020\/11\/Capture-de%CC%81cran-2020-11-20-a%CC%80-18.50.11-1.png?fit=449%2C702&ssl=1","width":449,"height":702},{"@type":"WebPage","@id":"https:\/\/antoine-ciosi.com\/index.php\/produit\/une-odeur-de-figuier-sauvage-albin-michel\/#webpage","url":"https:\/\/antoine-ciosi.com\/index.php\/produit\/une-odeur-de-figuier-sauvage-albin-michel\/","name":"UNE ODEUR DE FIGUIER SAUVAGE (Albin Michel) - Antoine CIOSI","isPartOf":{"@id":"https:\/\/antoine-ciosi.com\/#website"},"primaryImageOfPage":{"@id":"https:\/\/antoine-ciosi.com\/index.php\/produit\/une-odeur-de-figuier-sauvage-albin-michel\/#primaryimage"},"datePublished":"2020-11-21T18:42:23+00:00","dateModified":"2024-07-01T20:51:11+00:00","breadcrumb":{"@id":"https:\/\/antoine-ciosi.com\/index.php\/produit\/une-odeur-de-figuier-sauvage-albin-michel\/#breadcrumb"},"inLanguage":"fr-FR","potentialAction":[{"@type":"ReadAction","target":["https:\/\/antoine-ciosi.com\/index.php\/produit\/une-odeur-de-figuier-sauvage-albin-michel\/"]}]},{"@type":"BreadcrumbList","@id":"https:\/\/antoine-ciosi.com\/index.php\/produit\/une-odeur-de-figuier-sauvage-albin-michel\/#breadcrumb","itemListElement":[{"@type":"ListItem","position":1,"name":"Accueil","item":"https:\/\/antoine-ciosi.com\/"},{"@type":"ListItem","position":2,"name":"Achat de CD","item":"https:\/\/antoine-ciosi.com\/index.php\/shop\/"},{"@type":"ListItem","position":3,"name":"UNE ODEUR DE FIGUIER SAUVAGE (Albin Michel)"}]}]}},"jetpack_publicize_connections":[],"jetpack_sharing_enabled":true,"_links":{"self":[{"href":"https:\/\/antoine-ciosi.com\/index.php\/wp-json\/wp\/v2\/product\/802","targetHints":{"allow":["GET"]}}],"collection":[{"href":"https:\/\/antoine-ciosi.com\/index.php\/wp-json\/wp\/v2\/product"}],"about":[{"href":"https:\/\/antoine-ciosi.com\/index.php\/wp-json\/wp\/v2\/types\/product"}],"replies":[{"embeddable":true,"href":"https:\/\/antoine-ciosi.com\/index.php\/wp-json\/wp\/v2\/comments?post=802"}],"wp:featuredmedia":[{"embeddable":true,"href":"https:\/\/antoine-ciosi.com\/index.php\/wp-json\/wp\/v2\/media\/803"}],"wp:attachment":[{"href":"https:\/\/antoine-ciosi.com\/index.php\/wp-json\/wp\/v2\/media?parent=802"}],"wp:term":[{"taxonomy":"product_brand","embeddable":true,"href":"https:\/\/antoine-ciosi.com\/index.php\/wp-json\/wp\/v2\/product_brand?post=802"},{"taxonomy":"product_cat","embeddable":true,"href":"https:\/\/antoine-ciosi.com\/index.php\/wp-json\/wp\/v2\/product_cat?post=802"},{"taxonomy":"product_tag","embeddable":true,"href":"https:\/\/antoine-ciosi.com\/index.php\/wp-json\/wp\/v2\/product_tag?post=802"}],"curies":[{"name":"wp","href":"https:\/\/api.w.org\/{rel}","templated":true}]}}